{"id":4036,"date":"2025-10-28T12:38:14","date_gmt":"2025-10-28T09:38:14","guid":{"rendered":"https:\/\/skbutik.com\/?post_type=product&#038;p=4036"},"modified":"2026-03-26T17:58:07","modified_gmt":"2026-03-26T14:58:07","slug":"my312nubuk-1564","status":"publish","type":"product","link":"https:\/\/skbutik.com\/en\/product\/my312nubuk-1564\/","title":{"rendered":"MY312NUBUK 1564"},"content":{"rendered":"<ul>\n<li>Ceketin yakas\u0131ndaki ve man\u015fetlerindeki siyah k\u00fcrk (veya y\u00fcksek kaliteli pelu\u015f) detaylar\u0131, tak\u0131ma an\u0131nda zengin ve k\u0131\u015fl\u0131k bir l\u00fcks kat\u0131yor.<\/li>\n<li><b>Modern Kesim:<\/b> Ceket k\u0131sa (bel hizas\u0131nda) ve fermuarl\u0131, bu da tak\u0131ma motorcu ceketi\/bomber ceket \u015f\u0131kl\u0131\u011f\u0131 gibi dinamik ve modern bir hava veriyor. Etek ise uzun, ak\u0131c\u0131 ve zarif bir kesime sahip (A kesim veya hafif klo\u015f).<\/li>\n<li><b>Monokrom \u015e\u0131kl\u0131k:<\/b> Ba\u015ftan aya\u011fa siyah monokrom g\u00f6r\u00fcn\u00fcm, asaleti ve zarafeti peki\u015ftirerek al\u0131c\u0131n\u0131n zahmetsizce \u015f\u0131k g\u00f6r\u00fcnmesini sa\u011fl\u0131yor.<\/li>\n<li><b>Kullan\u0131\u015fl\u0131l\u0131k (Tak\u0131m):<\/b> \u0130ki par\u00e7a, hem birlikte davet \u015f\u0131kl\u0131\u011f\u0131 sunuyor hem de ayr\u0131 ayr\u0131 farkl\u0131 kombinlerde kullan\u0131labiliyor (\u00f6rne\u011fin ceket kot pantolonla, etek farkl\u0131 bir bluzla).<\/li>\n<\/ul>","protected":false},"excerpt":{"rendered":"<p>Ceketin yakas\u0131ndaki ve man\u015fetlerindeki siyah k\u00fcrk (veya y\u00fcksek kaliteli pelu\u015f) detaylar\u0131, tak\u0131ma an\u0131nda zengin ve k\u0131\u015fl\u0131k bir l\u00fcks kat\u0131yor. Modern<\/p>","protected":false},"featured_media":4037,"comment_status":"open","ping_status":"closed","template":"","meta":[],"product_brand":[],"product_cat":[167],"product_tag":[],"class_list":{"0":"post-4036","1":"product","2":"type-product","3":"status-publish","4":"has-post-thumbnail","6":"product_cat-gunluk-siklik","7":"pa_beden-37","8":"pa_beden-38","9":"pa_beden-39","11":"first","12":"instock","13":"taxable","14":"shipping-taxable","15":"purchasable","16":"product-type-variable"},"_links":{"self":[{"href":"https:\/\/skbutik.com\/en\/wp-json\/wp\/v2\/product\/4036","targetHints":{"allow":["GET"]}}],"collection":[{"href":"https:\/\/skbutik.com\/en\/wp-json\/wp\/v2\/product"}],"about":[{"href":"https:\/\/skbutik.com\/en\/wp-json\/wp\/v2\/types\/product"}],"replies":[{"embeddable":true,"href":"https:\/\/skbutik.com\/en\/wp-json\/wp\/v2\/comments?post=4036"}],"wp:featuredmedia":[{"embeddable":true,"href":"https:\/\/skbutik.com\/en\/wp-json\/wp\/v2\/media\/4037"}],"wp:attachment":[{"href":"https:\/\/skbutik.com\/en\/wp-json\/wp\/v2\/media?parent=4036"}],"wp:term":[{"taxonomy":"product_brand","embeddable":true,"href":"https:\/\/skbutik.com\/en\/wp-json\/wp\/v2\/product_brand?post=4036"},{"taxonomy":"product_cat","embeddable":true,"href":"https:\/\/skbutik.com\/en\/wp-json\/wp\/v2\/product_cat?post=4036"},{"taxonomy":"product_tag","embeddable":true,"href":"https:\/\/skbutik.com\/en\/wp-json\/wp\/v2\/product_tag?post=4036"}],"curies":[{"name":"wp","href":"https:\/\/api.w.org\/{rel}","templated":true}]}}