{"id":4029,"date":"2025-10-28T12:30:21","date_gmt":"2025-10-28T09:30:21","guid":{"rendered":"https:\/\/skbutik.com\/?post_type=product&#038;p=4029"},"modified":"2026-03-24T17:00:43","modified_gmt":"2026-03-24T14:00:43","slug":"my312-payetli7911","status":"publish","type":"product","link":"https:\/\/skbutik.com\/en\/product\/my312-payetli7911\/","title":{"rendered":"MY312 PAYETL\u01307911"},"content":{"rendered":"<ul>\n<li>Tren\u00e7kotun (veya kap\u0131n) alt yar\u0131s\u0131n\u0131n mat siyah ve sade olmas\u0131, \u00fcst k\u0131sm\u0131ndaki par\u0131lt\u0131l\u0131, pul\/payet i\u015flemelerle dramatik bir kontrast yarat\u0131yor. Bu &#8220;yar\u0131m-yar\u0131m&#8221; tasar\u0131m, \u00fcr\u00fcn\u00fc an\u0131nda l\u00fcks ve &#8220;statement piece&#8221; (iddial\u0131 par\u00e7a) yap\u0131yor.<\/li>\n<li><b>Detaylar:<\/b> Ku\u015fak detay\u0131, sil\u00fceti belirginle\u015ftirerek feminen bir g\u00f6r\u00fcn\u00fcm sa\u011fl\u0131yor. Tren\u00e7kot yakas\u0131 ise klasik ve sofistike bir dokunu\u015f kat\u0131yor.<\/li>\n<li><b>Kullan\u0131m Amac\u0131:<\/b> Tren\u00e7kot formunda oldu\u011fu i\u00e7in hafif bir d\u0131\u015f giyim konforu sunarken, payetler sayesinde s\u0131radan bir palto\/tren\u00e7kot olmaktan \u00e7\u0131k\u0131p, gece \u015f\u0131kl\u0131\u011f\u0131 i\u00e7in de uygun hale geliyor.<\/li>\n<\/ul>","protected":false},"excerpt":{"rendered":"<p>Tren\u00e7kotun (veya kap\u0131n) alt yar\u0131s\u0131n\u0131n mat siyah ve sade olmas\u0131, \u00fcst k\u0131sm\u0131ndaki par\u0131lt\u0131l\u0131, pul\/payet i\u015flemelerle dramatik bir kontrast yarat\u0131yor. Bu<\/p>","protected":false},"featured_media":4030,"comment_status":"open","ping_status":"closed","template":"","meta":[],"product_brand":[],"product_cat":[167],"product_tag":[],"class_list":{"0":"post-4029","1":"product","2":"type-product","3":"status-publish","4":"has-post-thumbnail","6":"product_cat-gunluk-siklik","7":"pa_beden-37","8":"pa_beden-38","9":"pa_beden-39","11":"first","12":"instock","13":"taxable","14":"shipping-taxable","15":"purchasable","16":"product-type-variable"},"_links":{"self":[{"href":"https:\/\/skbutik.com\/en\/wp-json\/wp\/v2\/product\/4029","targetHints":{"allow":["GET"]}}],"collection":[{"href":"https:\/\/skbutik.com\/en\/wp-json\/wp\/v2\/product"}],"about":[{"href":"https:\/\/skbutik.com\/en\/wp-json\/wp\/v2\/types\/product"}],"replies":[{"embeddable":true,"href":"https:\/\/skbutik.com\/en\/wp-json\/wp\/v2\/comments?post=4029"}],"wp:featuredmedia":[{"embeddable":true,"href":"https:\/\/skbutik.com\/en\/wp-json\/wp\/v2\/media\/4030"}],"wp:attachment":[{"href":"https:\/\/skbutik.com\/en\/wp-json\/wp\/v2\/media?parent=4029"}],"wp:term":[{"taxonomy":"product_brand","embeddable":true,"href":"https:\/\/skbutik.com\/en\/wp-json\/wp\/v2\/product_brand?post=4029"},{"taxonomy":"product_cat","embeddable":true,"href":"https:\/\/skbutik.com\/en\/wp-json\/wp\/v2\/product_cat?post=4029"},{"taxonomy":"product_tag","embeddable":true,"href":"https:\/\/skbutik.com\/en\/wp-json\/wp\/v2\/product_tag?post=4029"}],"curies":[{"name":"wp","href":"https:\/\/api.w.org\/{rel}","templated":true}]}}