{"id":4015,"date":"2025-10-28T11:53:29","date_gmt":"2025-10-28T08:53:29","guid":{"rendered":"https:\/\/skbutik.com\/?post_type=product&#038;p=4015"},"modified":"2026-03-24T16:47:23","modified_gmt":"2026-03-24T13:47:23","slug":"agspark-kurk","status":"publish","type":"product","link":"https:\/\/skbutik.com\/en\/product\/agspark-kurk\/","title":{"rendered":"AGSPARK K\u00dcRK"},"content":{"rendered":"<ul>\n<li><b>L\u00fcks G\u00f6r\u00fcn\u00fcm ve Kontrast:<\/b> Montun tamam\u0131n\u0131n siyah k\u00fcrkten\/pelu\u015f malzemeden olmas\u0131 ve yakadaki belirgin, kontrast olu\u015fturan beyaz k\u00fcrk detay\u0131 \u00fcr\u00fcne an\u0131nda l\u00fcks ve iddial\u0131 bir hava kat\u0131yor.<\/li>\n<li><b>Kesim:<\/b> Bel hizas\u0131nda veya biraz alt\u0131nda biten k\u0131sa\/orta boy kesimi, hem pantolonlarla hem de elbiselerle modern bir g\u00f6r\u00fcn\u00fcm sa\u011fl\u0131yor.<\/li>\n<li><b>Detaylar:<\/b> Montun \u00f6n\u00fcndeki \u00e7ift s\u0131ra d\u00fc\u011fme detay\u0131 (kruvaze kesim varsay\u0131m\u0131yla) klasik bir \u015f\u0131kl\u0131k kat\u0131yor.<\/li>\n<li><b>S\u0131cakl\u0131k ve Konfor:<\/b> Kal\u0131n ve t\u00fcyl\u00fc dokusu, so\u011fuk k\u0131\u015f g\u00fcnleri i\u00e7in ideal bir s\u0131cakl\u0131k ve yumu\u015fakl\u0131k sunuyor.<\/li>\n<\/ul>","protected":false},"excerpt":{"rendered":"<p>L\u00fcks G\u00f6r\u00fcn\u00fcm ve Kontrast: Montun tamam\u0131n\u0131n siyah k\u00fcrkten\/pelu\u015f malzemeden olmas\u0131 ve yakadaki belirgin, kontrast olu\u015fturan beyaz k\u00fcrk detay\u0131 \u00fcr\u00fcne an\u0131nda<\/p>","protected":false},"featured_media":4016,"comment_status":"open","ping_status":"closed","template":"","meta":[],"product_brand":[],"product_cat":[167],"product_tag":[],"class_list":{"0":"post-4015","1":"product","2":"type-product","3":"status-publish","4":"has-post-thumbnail","6":"product_cat-gunluk-siklik","7":"pa_beden-30","8":"pa_beden-31","9":"pa_beden-32","11":"first","12":"instock","13":"taxable","14":"shipping-taxable","15":"purchasable","16":"product-type-variable"},"_links":{"self":[{"href":"https:\/\/skbutik.com\/en\/wp-json\/wp\/v2\/product\/4015","targetHints":{"allow":["GET"]}}],"collection":[{"href":"https:\/\/skbutik.com\/en\/wp-json\/wp\/v2\/product"}],"about":[{"href":"https:\/\/skbutik.com\/en\/wp-json\/wp\/v2\/types\/product"}],"replies":[{"embeddable":true,"href":"https:\/\/skbutik.com\/en\/wp-json\/wp\/v2\/comments?post=4015"}],"wp:featuredmedia":[{"embeddable":true,"href":"https:\/\/skbutik.com\/en\/wp-json\/wp\/v2\/media\/4016"}],"wp:attachment":[{"href":"https:\/\/skbutik.com\/en\/wp-json\/wp\/v2\/media?parent=4015"}],"wp:term":[{"taxonomy":"product_brand","embeddable":true,"href":"https:\/\/skbutik.com\/en\/wp-json\/wp\/v2\/product_brand?post=4015"},{"taxonomy":"product_cat","embeddable":true,"href":"https:\/\/skbutik.com\/en\/wp-json\/wp\/v2\/product_cat?post=4015"},{"taxonomy":"product_tag","embeddable":true,"href":"https:\/\/skbutik.com\/en\/wp-json\/wp\/v2\/product_tag?post=4015"}],"curies":[{"name":"wp","href":"https:\/\/api.w.org\/{rel}","templated":true}]}}