{"id":4003,"date":"2025-10-08T15:21:45","date_gmt":"2025-10-08T12:21:45","guid":{"rendered":"https:\/\/skbutik.com\/?post_type=product&#038;p=4003"},"modified":"2026-03-26T17:56:27","modified_gmt":"2026-03-26T14:56:27","slug":"my3121569","status":"publish","type":"product","link":"https:\/\/skbutik.com\/en\/product\/my3121569\/","title":{"rendered":"my3121569"},"content":{"rendered":"<ul>\n<li>Ak\u0131c\u0131, uzun elbisenin v\u00fccuda oturan ama s\u0131kmayan kesimi g\u00fcn boyu konfor sa\u011flarken, etek ucundaki zarif <b>beyaz \u015ferit<\/b> detay\u0131, kombine dinamik bir hava kat\u0131yor.<\/li>\n<li><b>Enerjik ve Trend Bomber Ceket:<\/b> \u00dcstelik tak\u0131m\u0131n haval\u0131 bomber ceketi, omuz ve kollardaki kontrast <b>beyaz \u00e7izgilerle<\/b> spor \u015f\u0131kl\u0131\u011f\u0131 doruklara ta\u015f\u0131yor. Ceketin \u00fczerindeki ince detaylar, bu par\u00e7ay\u0131 s\u0131radanl\u0131ktan \u00e7\u0131kar\u0131p g\u00f6z al\u0131c\u0131 k\u0131l\u0131yor.<\/li>\n<\/ul>","protected":false},"excerpt":{"rendered":"<p>Ak\u0131c\u0131, uzun elbisenin v\u00fccuda oturan ama s\u0131kmayan kesimi g\u00fcn boyu konfor sa\u011flarken, etek ucundaki zarif beyaz \u015ferit detay\u0131, kombine dinamik<\/p>","protected":false},"featured_media":4004,"comment_status":"open","ping_status":"closed","template":"","meta":[],"product_brand":[],"product_cat":[167],"product_tag":[],"class_list":{"0":"post-4003","1":"product","2":"type-product","3":"status-publish","4":"has-post-thumbnail","6":"product_cat-gunluk-siklik","7":"pa_beden-37","8":"pa_beden-38","10":"first","11":"outofstock","12":"sale","13":"taxable","14":"shipping-taxable","15":"purchasable","16":"product-type-variable"},"_links":{"self":[{"href":"https:\/\/skbutik.com\/en\/wp-json\/wp\/v2\/product\/4003","targetHints":{"allow":["GET"]}}],"collection":[{"href":"https:\/\/skbutik.com\/en\/wp-json\/wp\/v2\/product"}],"about":[{"href":"https:\/\/skbutik.com\/en\/wp-json\/wp\/v2\/types\/product"}],"replies":[{"embeddable":true,"href":"https:\/\/skbutik.com\/en\/wp-json\/wp\/v2\/comments?post=4003"}],"wp:featuredmedia":[{"embeddable":true,"href":"https:\/\/skbutik.com\/en\/wp-json\/wp\/v2\/media\/4004"}],"wp:attachment":[{"href":"https:\/\/skbutik.com\/en\/wp-json\/wp\/v2\/media?parent=4003"}],"wp:term":[{"taxonomy":"product_brand","embeddable":true,"href":"https:\/\/skbutik.com\/en\/wp-json\/wp\/v2\/product_brand?post=4003"},{"taxonomy":"product_cat","embeddable":true,"href":"https:\/\/skbutik.com\/en\/wp-json\/wp\/v2\/product_cat?post=4003"},{"taxonomy":"product_tag","embeddable":true,"href":"https:\/\/skbutik.com\/en\/wp-json\/wp\/v2\/product_tag?post=4003"}],"curies":[{"name":"wp","href":"https:\/\/api.w.org\/{rel}","templated":true}]}}