{"id":3997,"date":"2025-10-07T18:44:54","date_gmt":"2025-10-07T15:44:54","guid":{"rendered":"https:\/\/skbutik.com\/?post_type=product&#038;p=3997"},"modified":"2026-04-14T06:11:58","modified_gmt":"2026-04-14T03:11:58","slug":"setre-3292-2","status":"publish","type":"product","link":"https:\/\/skbutik.com\/en\/product\/setre-3292-2\/","title":{"rendered":"setre 3292"},"content":{"rendered":"<p>Kesim: V\u00fccudu nazik\u00e7e saran, belden hafif\u00e7e oturan ve etek ucuna do\u011fru geni\u015fleyen uzun kesim (belki hafif bal\u0131k veya A kesim kar\u0131\u015f\u0131m\u0131). Etek ucundaki asimetrik diki\u015f\/katman hareket ve derinlik kat\u0131yor.<\/p>\n<p>Kullan\u0131m Alan\u0131: \u015e\u0131kl\u0131\u011f\u0131 sayesinde \u00f6zel davetler, d\u00fc\u011f\u00fcnler, ni\u015fanlar, kokteyller, mezuniyetler veya ak\u015fam yemekleri i\u00e7in ideal.<\/p>","protected":false},"excerpt":{"rendered":"<p>Kesim: V\u00fccudu nazik\u00e7e saran, belden hafif\u00e7e oturan ve etek ucuna do\u011fru geni\u015fleyen uzun kesim (belki hafif bal\u0131k veya A kesim<\/p>","protected":false},"featured_media":3879,"comment_status":"open","ping_status":"closed","template":"","meta":[],"product_brand":[],"product_cat":[167],"product_tag":[],"class_list":{"0":"post-3997","1":"product","2":"type-product","3":"status-publish","4":"has-post-thumbnail","6":"product_cat-gunluk-siklik","7":"pa_beden-l","8":"pa_beden-m","9":"pa_beden-s","10":"pa_beden-xl","12":"first","13":"instock","14":"taxable","15":"shipping-taxable","16":"purchasable","17":"product-type-variable"},"_links":{"self":[{"href":"https:\/\/skbutik.com\/en\/wp-json\/wp\/v2\/product\/3997","targetHints":{"allow":["GET"]}}],"collection":[{"href":"https:\/\/skbutik.com\/en\/wp-json\/wp\/v2\/product"}],"about":[{"href":"https:\/\/skbutik.com\/en\/wp-json\/wp\/v2\/types\/product"}],"replies":[{"embeddable":true,"href":"https:\/\/skbutik.com\/en\/wp-json\/wp\/v2\/comments?post=3997"}],"wp:featuredmedia":[{"embeddable":true,"href":"https:\/\/skbutik.com\/en\/wp-json\/wp\/v2\/media\/3879"}],"wp:attachment":[{"href":"https:\/\/skbutik.com\/en\/wp-json\/wp\/v2\/media?parent=3997"}],"wp:term":[{"taxonomy":"product_brand","embeddable":true,"href":"https:\/\/skbutik.com\/en\/wp-json\/wp\/v2\/product_brand?post=3997"},{"taxonomy":"product_cat","embeddable":true,"href":"https:\/\/skbutik.com\/en\/wp-json\/wp\/v2\/product_cat?post=3997"},{"taxonomy":"product_tag","embeddable":true,"href":"https:\/\/skbutik.com\/en\/wp-json\/wp\/v2\/product_tag?post=3997"}],"curies":[{"name":"wp","href":"https:\/\/api.w.org\/{rel}","templated":true}]}}