{"id":3993,"date":"2025-10-07T18:27:03","date_gmt":"2025-10-07T15:27:03","guid":{"rendered":"https:\/\/skbutik.com\/?post_type=product&#038;p=3993"},"modified":"2026-04-14T06:04:41","modified_gmt":"2026-04-14T03:04:41","slug":"my31217950","status":"publish","type":"product","link":"https:\/\/skbutik.com\/en\/product\/my31217950\/","title":{"rendered":"my31217950"},"content":{"rendered":"<ul>\n<li><b>Asil Bordo Tonu:<\/b> Canl\u0131 ama sofistike <b>bordo (m\u00fcrd\u00fcm)<\/b> rengi, siyah, bej, gri gibi temel renklerle m\u00fckemmel uyum sa\u011flar. Stilinizde an\u0131nda <b>l\u00fcks ve s\u0131cak<\/b> bir etki yarat\u0131r.<\/li>\n<li><b>Fonksiyonel \u015e\u0131kl\u0131k:<\/b> Geni\u015f yakas\u0131 (muhtemelen \u00e7\u0131kar\u0131labilir\/ayarlanabilir kap\u00fc\u015fon detay\u0131), ayarlanabilir beli ve ku\u015fak detay\u0131 sayesinde ceketi ister <b>klasik<\/b> bir tren\u00e7kot gibi ister <b>daha rahat ve sala\u015f<\/b> bir formda kullanabilirsiniz.<\/li>\n<\/ul>","protected":false},"excerpt":{"rendered":"<p>Asil Bordo Tonu: Canl\u0131 ama sofistike bordo (m\u00fcrd\u00fcm) rengi, siyah, bej, gri gibi temel renklerle m\u00fckemmel uyum sa\u011flar. Stilinizde an\u0131nda<\/p>","protected":false},"featured_media":3994,"comment_status":"open","ping_status":"closed","template":"","meta":[],"product_brand":[],"product_cat":[167],"product_tag":[],"class_list":{"0":"post-3993","1":"product","2":"type-product","3":"status-publish","4":"has-post-thumbnail","6":"product_cat-gunluk-siklik","7":"pa_beden-37","8":"pa_beden-38","10":"first","11":"instock","12":"taxable","13":"shipping-taxable","14":"purchasable","15":"product-type-variable"},"_links":{"self":[{"href":"https:\/\/skbutik.com\/en\/wp-json\/wp\/v2\/product\/3993","targetHints":{"allow":["GET"]}}],"collection":[{"href":"https:\/\/skbutik.com\/en\/wp-json\/wp\/v2\/product"}],"about":[{"href":"https:\/\/skbutik.com\/en\/wp-json\/wp\/v2\/types\/product"}],"replies":[{"embeddable":true,"href":"https:\/\/skbutik.com\/en\/wp-json\/wp\/v2\/comments?post=3993"}],"wp:featuredmedia":[{"embeddable":true,"href":"https:\/\/skbutik.com\/en\/wp-json\/wp\/v2\/media\/3994"}],"wp:attachment":[{"href":"https:\/\/skbutik.com\/en\/wp-json\/wp\/v2\/media?parent=3993"}],"wp:term":[{"taxonomy":"product_brand","embeddable":true,"href":"https:\/\/skbutik.com\/en\/wp-json\/wp\/v2\/product_brand?post=3993"},{"taxonomy":"product_cat","embeddable":true,"href":"https:\/\/skbutik.com\/en\/wp-json\/wp\/v2\/product_cat?post=3993"},{"taxonomy":"product_tag","embeddable":true,"href":"https:\/\/skbutik.com\/en\/wp-json\/wp\/v2\/product_tag?post=3993"}],"curies":[{"name":"wp","href":"https:\/\/api.w.org\/{rel}","templated":true}]}}