{"id":3982,"date":"2025-10-07T17:58:43","date_gmt":"2025-10-07T14:58:43","guid":{"rendered":"https:\/\/skbutik.com\/?post_type=product&#038;p=3982"},"modified":"2026-04-14T06:16:27","modified_gmt":"2026-04-14T03:16:27","slug":"tig-tiriko5016","status":"publish","type":"product","link":"https:\/\/skbutik.com\/en\/product\/tig-tiriko5016\/","title":{"rendered":"t\u0131g tiriko5016"},"content":{"rendered":"<ul>\n<li>Ceket ve pantolonun ton s\u00fcr ton rengi, ba\u015ftan a\u015fa\u011f\u0131ya <b>kusursuz bir ak\u0131\u015f<\/b> sa\u011fl\u0131yor ve sizi daha uzun g\u00f6steriyor. Pantolonun <b>geni\u015f ve rahat pa\u00e7a<\/b> kesimi ise hem konforu hem de g\u00fcncel trendleri yans\u0131t\u0131yor.<\/li>\n<li><b>Hafif ve Rahat Yap\u0131:<\/b> Muhtemelen hafif ve d\u00f6k\u00fcml\u00fc kuma\u015f\u0131 sayesinde, bu tak\u0131m\u0131 bahar ve yaz ak\u015famlar\u0131nda veya mevsim ge\u00e7i\u015flerinde <b>b\u00fcy\u00fck bir rahatl\u0131kla<\/b> kullanabilirsiniz.<\/li>\n<li><b>Fonksiyonel Detaylar:<\/b> Ceketteki \u015f\u0131k fermuar, yaka ve cep detaylar\u0131 (muhtemelen b\u00fczg\u00fc ayar\u0131) hem g\u00f6rsel zenginlik sunuyor hem de \u00fcr\u00fcne <b>kullan\u0131\u015fl\u0131l\u0131k<\/b> kat\u0131yor.<\/li>\n<\/ul>","protected":false},"excerpt":{"rendered":"<p>Ceket ve pantolonun ton s\u00fcr ton rengi, ba\u015ftan a\u015fa\u011f\u0131ya kusursuz bir ak\u0131\u015f sa\u011fl\u0131yor ve sizi daha uzun g\u00f6steriyor. Pantolonun geni\u015f<\/p>","protected":false},"featured_media":3983,"comment_status":"open","ping_status":"closed","template":"","meta":[],"product_brand":[],"product_cat":[167],"product_tag":[],"class_list":{"0":"post-3982","1":"product","2":"type-product","3":"status-publish","4":"has-post-thumbnail","6":"product_cat-gunluk-siklik","7":"pa_beden-37","8":"pa_beden-38","10":"first","11":"instock","12":"taxable","13":"shipping-taxable","14":"purchasable","15":"product-type-variable"},"_links":{"self":[{"href":"https:\/\/skbutik.com\/en\/wp-json\/wp\/v2\/product\/3982","targetHints":{"allow":["GET"]}}],"collection":[{"href":"https:\/\/skbutik.com\/en\/wp-json\/wp\/v2\/product"}],"about":[{"href":"https:\/\/skbutik.com\/en\/wp-json\/wp\/v2\/types\/product"}],"replies":[{"embeddable":true,"href":"https:\/\/skbutik.com\/en\/wp-json\/wp\/v2\/comments?post=3982"}],"wp:featuredmedia":[{"embeddable":true,"href":"https:\/\/skbutik.com\/en\/wp-json\/wp\/v2\/media\/3983"}],"wp:attachment":[{"href":"https:\/\/skbutik.com\/en\/wp-json\/wp\/v2\/media?parent=3982"}],"wp:term":[{"taxonomy":"product_brand","embeddable":true,"href":"https:\/\/skbutik.com\/en\/wp-json\/wp\/v2\/product_brand?post=3982"},{"taxonomy":"product_cat","embeddable":true,"href":"https:\/\/skbutik.com\/en\/wp-json\/wp\/v2\/product_cat?post=3982"},{"taxonomy":"product_tag","embeddable":true,"href":"https:\/\/skbutik.com\/en\/wp-json\/wp\/v2\/product_tag?post=3982"}],"curies":[{"name":"wp","href":"https:\/\/api.w.org\/{rel}","templated":true}]}}