{"id":3978,"date":"2025-10-07T17:52:43","date_gmt":"2025-10-07T14:52:43","guid":{"rendered":"https:\/\/skbutik.com\/?post_type=product&#038;p=3978"},"modified":"2026-04-14T06:16:42","modified_gmt":"2026-04-14T03:16:42","slug":"tigtiriko5007","status":"publish","type":"product","link":"https:\/\/skbutik.com\/en\/product\/tigtiriko5007\/","title":{"rendered":"t\u0131gtiriko5007"},"content":{"rendered":"<ul>\n<li><b>G\u00f6z Al\u0131c\u0131 Tasar\u0131m:<\/b> Klasik siyah\u0131n g\u00fcc\u00fcn\u00fc, modern detaylarla birle\u015ftiren bu tak\u0131m, her ortamda fark yaratman\u0131z\u0131 sa\u011flayacak. \u00d6zellikle ceketin \u00f6n k\u0131sm\u0131ndaki <b>dokulu, file benzeri<\/b> detay ve parlak fermuar, tasar\u0131ma dinamik bir hava kat\u0131yor.<\/li>\n<li><b>\u00dcst\u00fcn Konfor:<\/b> Rahat kal\u0131b\u0131 ve yumu\u015fak dokusu sayesinde g\u00fcn boyu kendinizi <b>\u00f6zg\u00fcr ve rahat<\/b> hissedeceksiniz. Kuma\u015f\u0131n kalitesi, hem \u015f\u0131kl\u0131\u011f\u0131 hem de dayan\u0131kl\u0131l\u0131\u011f\u0131 garanti ediyor.<\/li>\n<li><\/li>\n<\/ul>","protected":false},"excerpt":{"rendered":"<p>G\u00f6z Al\u0131c\u0131 Tasar\u0131m: Klasik siyah\u0131n g\u00fcc\u00fcn\u00fc, modern detaylarla birle\u015ftiren bu tak\u0131m, her ortamda fark yaratman\u0131z\u0131 sa\u011flayacak. \u00d6zellikle ceketin \u00f6n k\u0131sm\u0131ndaki<\/p>","protected":false},"featured_media":3979,"comment_status":"open","ping_status":"closed","template":"","meta":[],"product_brand":[],"product_cat":[167],"product_tag":[],"class_list":{"0":"post-3978","1":"product","2":"type-product","3":"status-publish","4":"has-post-thumbnail","6":"product_cat-gunluk-siklik","7":"pa_beden-37","8":"pa_beden-38","10":"first","11":"instock","12":"taxable","13":"shipping-taxable","14":"purchasable","15":"product-type-variable"},"_links":{"self":[{"href":"https:\/\/skbutik.com\/en\/wp-json\/wp\/v2\/product\/3978","targetHints":{"allow":["GET"]}}],"collection":[{"href":"https:\/\/skbutik.com\/en\/wp-json\/wp\/v2\/product"}],"about":[{"href":"https:\/\/skbutik.com\/en\/wp-json\/wp\/v2\/types\/product"}],"replies":[{"embeddable":true,"href":"https:\/\/skbutik.com\/en\/wp-json\/wp\/v2\/comments?post=3978"}],"wp:featuredmedia":[{"embeddable":true,"href":"https:\/\/skbutik.com\/en\/wp-json\/wp\/v2\/media\/3979"}],"wp:attachment":[{"href":"https:\/\/skbutik.com\/en\/wp-json\/wp\/v2\/media?parent=3978"}],"wp:term":[{"taxonomy":"product_brand","embeddable":true,"href":"https:\/\/skbutik.com\/en\/wp-json\/wp\/v2\/product_brand?post=3978"},{"taxonomy":"product_cat","embeddable":true,"href":"https:\/\/skbutik.com\/en\/wp-json\/wp\/v2\/product_cat?post=3978"},{"taxonomy":"product_tag","embeddable":true,"href":"https:\/\/skbutik.com\/en\/wp-json\/wp\/v2\/product_tag?post=3978"}],"curies":[{"name":"wp","href":"https:\/\/api.w.org\/{rel}","templated":true}]}}