{"id":3974,"date":"2025-10-02T18:21:46","date_gmt":"2025-10-02T15:21:46","guid":{"rendered":"https:\/\/skbutik.com\/?post_type=product&#038;p=3974"},"modified":"2026-04-14T06:05:41","modified_gmt":"2026-04-14T03:05:41","slug":"my3128416","status":"publish","type":"product","link":"https:\/\/skbutik.com\/en\/product\/my3128416\/","title":{"rendered":"my3128416"},"content":{"rendered":"<p>Bu <b>l\u00fcks siyah h\u0131rka<\/b> ile girdi\u011finiz her ortamda dikkatleri \u00fczerinize \u00e7ekeceksiniz. Dokusundaki yumu\u015fakl\u0131k ve asil siyah rengi, size an\u0131nda <b>sofistike bir hava<\/b> kat\u0131yor. Ancak bu par\u00e7ay\u0131 ger\u00e7ekten \u00f6zel k\u0131lan, \u00fczerindeki <b>g\u00f6z al\u0131c\u0131 ta\u015fl\u0131 d\u00fc\u011fmeler<\/b>! Kare formdaki bu p\u0131rlanta \u0131\u015f\u0131lt\u0131l\u0131 d\u00fc\u011fmeler, h\u0131rkaya adeta bir <b>m\u00fccevher zarafeti<\/b> ekliyor.<\/p>","protected":false},"excerpt":{"rendered":"<p>Bu l\u00fcks siyah h\u0131rka ile girdi\u011finiz her ortamda dikkatleri \u00fczerinize \u00e7ekeceksiniz. Dokusundaki yumu\u015fakl\u0131k ve asil siyah rengi, size an\u0131nda sofistike<\/p>","protected":false},"featured_media":3975,"comment_status":"open","ping_status":"closed","template":"","meta":[],"product_brand":[],"product_cat":[167],"product_tag":[],"class_list":{"0":"post-3974","1":"product","2":"type-product","3":"status-publish","4":"has-post-thumbnail","6":"product_cat-gunluk-siklik","8":"first","9":"outofstock","10":"taxable","11":"shipping-taxable","12":"purchasable","13":"product-type-simple"},"_links":{"self":[{"href":"https:\/\/skbutik.com\/en\/wp-json\/wp\/v2\/product\/3974","targetHints":{"allow":["GET"]}}],"collection":[{"href":"https:\/\/skbutik.com\/en\/wp-json\/wp\/v2\/product"}],"about":[{"href":"https:\/\/skbutik.com\/en\/wp-json\/wp\/v2\/types\/product"}],"replies":[{"embeddable":true,"href":"https:\/\/skbutik.com\/en\/wp-json\/wp\/v2\/comments?post=3974"}],"wp:featuredmedia":[{"embeddable":true,"href":"https:\/\/skbutik.com\/en\/wp-json\/wp\/v2\/media\/3975"}],"wp:attachment":[{"href":"https:\/\/skbutik.com\/en\/wp-json\/wp\/v2\/media?parent=3974"}],"wp:term":[{"taxonomy":"product_brand","embeddable":true,"href":"https:\/\/skbutik.com\/en\/wp-json\/wp\/v2\/product_brand?post=3974"},{"taxonomy":"product_cat","embeddable":true,"href":"https:\/\/skbutik.com\/en\/wp-json\/wp\/v2\/product_cat?post=3974"},{"taxonomy":"product_tag","embeddable":true,"href":"https:\/\/skbutik.com\/en\/wp-json\/wp\/v2\/product_tag?post=3974"}],"curies":[{"name":"wp","href":"https:\/\/api.w.org\/{rel}","templated":true}]}}