{"id":3964,"date":"2025-10-02T16:56:43","date_gmt":"2025-10-02T13:56:43","guid":{"rendered":"https:\/\/skbutik.com\/?post_type=product&#038;p=3964"},"modified":"2026-04-14T06:07:04","modified_gmt":"2026-04-14T03:07:04","slug":"nilmark3360","status":"publish","type":"product","link":"https:\/\/skbutik.com\/en\/product\/nilmark3360\/","title":{"rendered":"nilmark3360"},"content":{"rendered":"<ul>\n<li><b>\u00dcst D\u00fczey Konfor:<\/b> Yumu\u015fak, kaliteli ve d\u00f6k\u00fcml\u00fc kuma\u015f\u0131 sayesinde \u00fczerinizde <b>rahatl\u0131\u011f\u0131<\/b> hissedeceksiniz. K\u0131s\u0131tlay\u0131c\u0131 k\u0131yafetlere veda edin; bu tak\u0131mla hareket \u00f6zg\u00fcrl\u00fc\u011f\u00fcn\u00fcz zirvede.<\/li>\n<li><b>Modern Renk ve Bloklama:<\/b> <b>Koyu gri ve siyah\u0131n<\/b> g\u00fc\u00e7l\u00fc kontrast\u0131, tak\u0131ma an\u0131nda dinamik bir hava kat\u0131yor. Ceketteki ve pantolondaki ustaca yerle\u015ftirilmi\u015f <b>renk bloklar\u0131<\/b> ve <b>b\u00fcy\u00fck, kullan\u0131\u015fl\u0131 cepler<\/b>, sade bir tasar\u0131ma modern ve \u00f6zg\u00fcn bir dokunu\u015f kat\u0131yor.<\/li>\n<\/ul>","protected":false},"excerpt":{"rendered":"<p>\u00dcst D\u00fczey Konfor: Yumu\u015fak, kaliteli ve d\u00f6k\u00fcml\u00fc kuma\u015f\u0131 sayesinde \u00fczerinizde rahatl\u0131\u011f\u0131 hissedeceksiniz. K\u0131s\u0131tlay\u0131c\u0131 k\u0131yafetlere veda edin; bu tak\u0131mla hareket \u00f6zg\u00fcrl\u00fc\u011f\u00fcn\u00fcz<\/p>","protected":false},"featured_media":3965,"comment_status":"open","ping_status":"closed","template":"","meta":[],"product_brand":[],"product_cat":[167],"product_tag":[],"class_list":{"0":"post-3964","1":"product","2":"type-product","3":"status-publish","4":"has-post-thumbnail","6":"product_cat-gunluk-siklik","7":"pa_beden-l","8":"pa_beden-m","9":"pa_beden-s","11":"first","12":"instock","13":"taxable","14":"shipping-taxable","15":"purchasable","16":"product-type-variable"},"_links":{"self":[{"href":"https:\/\/skbutik.com\/en\/wp-json\/wp\/v2\/product\/3964","targetHints":{"allow":["GET"]}}],"collection":[{"href":"https:\/\/skbutik.com\/en\/wp-json\/wp\/v2\/product"}],"about":[{"href":"https:\/\/skbutik.com\/en\/wp-json\/wp\/v2\/types\/product"}],"replies":[{"embeddable":true,"href":"https:\/\/skbutik.com\/en\/wp-json\/wp\/v2\/comments?post=3964"}],"wp:featuredmedia":[{"embeddable":true,"href":"https:\/\/skbutik.com\/en\/wp-json\/wp\/v2\/media\/3965"}],"wp:attachment":[{"href":"https:\/\/skbutik.com\/en\/wp-json\/wp\/v2\/media?parent=3964"}],"wp:term":[{"taxonomy":"product_brand","embeddable":true,"href":"https:\/\/skbutik.com\/en\/wp-json\/wp\/v2\/product_brand?post=3964"},{"taxonomy":"product_cat","embeddable":true,"href":"https:\/\/skbutik.com\/en\/wp-json\/wp\/v2\/product_cat?post=3964"},{"taxonomy":"product_tag","embeddable":true,"href":"https:\/\/skbutik.com\/en\/wp-json\/wp\/v2\/product_tag?post=3964"}],"curies":[{"name":"wp","href":"https:\/\/api.w.org\/{rel}","templated":true}]}}