{"id":3958,"date":"2025-10-02T16:50:33","date_gmt":"2025-10-02T13:50:33","guid":{"rendered":"https:\/\/skbutik.com\/?post_type=product&#038;p=3958"},"modified":"2026-03-26T18:05:39","modified_gmt":"2026-03-26T15:05:39","slug":"setre13899","status":"publish","type":"product","link":"https:\/\/skbutik.com\/en\/product\/setre13899\/","title":{"rendered":"setre13899"},"content":{"rendered":"<ul>\n<li><b>G\u00f6z Al\u0131c\u0131 \u00dcst Par\u00e7a:<\/b> <b>Krem rengi drape yaka bluz<\/b>, V yaka kesimi ve ustaca d\u00f6k\u00fcm\u00fc sayesinde boyun hatt\u0131n\u0131 zarif\u00e7e vurgular. <b>Hafif vatkal\u0131 omuz detay\u0131<\/b> ise duru\u015funuza an\u0131nda g\u00fc\u00e7l\u00fc ve \u00f6zg\u00fcvenli bir hava katar. Kuma\u015f\u0131n\u0131n ak\u0131c\u0131l\u0131\u011f\u0131, sofistike bir g\u00f6r\u00fcn\u00fcm sunar.<\/li>\n<li><b>Asil ve Dengeli Alt Par\u00e7a:<\/b> \u00dcst par\u00e7an\u0131n yumu\u015fak tonunu m\u00fckemmel dengeleyen <b>derin kahve (kestane veya m\u00fcrd\u00fcm) tonlar\u0131ndaki geni\u015f pa\u00e7a pantolon<\/b> (veya klasik kesim pantolon), hem konforlu hem de son derece \u015f\u0131kt\u0131r. Y\u00fcksek belli ve d\u00fcz kesimi, bacaklar\u0131 uzun g\u00f6sterir.<\/li>\n<\/ul>","protected":false},"excerpt":{"rendered":"<p>G\u00f6z Al\u0131c\u0131 \u00dcst Par\u00e7a: Krem rengi drape yaka bluz, V yaka kesimi ve ustaca d\u00f6k\u00fcm\u00fc sayesinde boyun hatt\u0131n\u0131 zarif\u00e7e vurgular.<\/p>","protected":false},"featured_media":3959,"comment_status":"open","ping_status":"closed","template":"","meta":[],"product_brand":[],"product_cat":[167],"product_tag":[],"class_list":{"0":"post-3958","1":"product","2":"type-product","3":"status-publish","4":"has-post-thumbnail","6":"product_cat-gunluk-siklik","7":"pa_beden-l","8":"pa_beden-m","9":"pa_beden-s","10":"pa_beden-xl","12":"first","13":"instock","14":"taxable","15":"shipping-taxable","16":"purchasable","17":"product-type-variable"},"_links":{"self":[{"href":"https:\/\/skbutik.com\/en\/wp-json\/wp\/v2\/product\/3958","targetHints":{"allow":["GET"]}}],"collection":[{"href":"https:\/\/skbutik.com\/en\/wp-json\/wp\/v2\/product"}],"about":[{"href":"https:\/\/skbutik.com\/en\/wp-json\/wp\/v2\/types\/product"}],"replies":[{"embeddable":true,"href":"https:\/\/skbutik.com\/en\/wp-json\/wp\/v2\/comments?post=3958"}],"wp:featuredmedia":[{"embeddable":true,"href":"https:\/\/skbutik.com\/en\/wp-json\/wp\/v2\/media\/3959"}],"wp:attachment":[{"href":"https:\/\/skbutik.com\/en\/wp-json\/wp\/v2\/media?parent=3958"}],"wp:term":[{"taxonomy":"product_brand","embeddable":true,"href":"https:\/\/skbutik.com\/en\/wp-json\/wp\/v2\/product_brand?post=3958"},{"taxonomy":"product_cat","embeddable":true,"href":"https:\/\/skbutik.com\/en\/wp-json\/wp\/v2\/product_cat?post=3958"},{"taxonomy":"product_tag","embeddable":true,"href":"https:\/\/skbutik.com\/en\/wp-json\/wp\/v2\/product_tag?post=3958"}],"curies":[{"name":"wp","href":"https:\/\/api.w.org\/{rel}","templated":true}]}}