{"id":3953,"date":"2025-10-02T16:44:12","date_gmt":"2025-10-02T13:44:12","guid":{"rendered":"https:\/\/skbutik.com\/?post_type=product&#038;p=3953"},"modified":"2026-04-13T05:45:04","modified_gmt":"2026-04-13T02:45:04","slug":"setre1389","status":"publish","type":"product","link":"https:\/\/skbutik.com\/en\/product\/setre1389\/","title":{"rendered":"setre1389"},"content":{"rendered":"<ul>\n<li><b>M\u00fckemmel Drape Detay\u0131:<\/b> Bluzun \u00f6n k\u0131sm\u0131ndaki <b>V yaka kesimi ve zarif d\u00f6k\u00fcm\u00fc (drape)<\/b>, boyun ve omuz hatt\u0131n\u0131 ustaca vurgulayarak ince ve uzun bir sil\u00fcet yarat\u0131r. Bu sanatsal k\u0131vr\u0131mlar, kuma\u015f\u0131n kalitesini ve tasar\u0131m\u0131n inceli\u011fini g\u00f6sterir.<\/li>\n<li><b>G\u00fc\u00e7l\u00fc ve \u015e\u0131k Omuzlar:<\/b> Hafif vatka detay\u0131yla g\u00fc\u00e7lendirilmi\u015f omuz yap\u0131s\u0131, bluzun duru\u015funu an\u0131nda bir \u00fcst seviyeye ta\u015f\u0131r. <b>G\u00fc\u00e7l\u00fc ve modern bir sil\u00fcet<\/b> isteyenler i\u00e7in idealdir.<\/li>\n<\/ul>","protected":false},"excerpt":{"rendered":"<p>M\u00fckemmel Drape Detay\u0131: Bluzun \u00f6n k\u0131sm\u0131ndaki V yaka kesimi ve zarif d\u00f6k\u00fcm\u00fc (drape), boyun ve omuz hatt\u0131n\u0131 ustaca vurgulayarak ince<\/p>","protected":false},"featured_media":3952,"comment_status":"open","ping_status":"closed","template":"","meta":[],"product_brand":[],"product_cat":[167],"product_tag":[],"class_list":{"0":"post-3953","1":"product","2":"type-product","3":"status-publish","4":"has-post-thumbnail","6":"product_cat-gunluk-siklik","7":"pa_beden-l","8":"pa_beden-m","9":"pa_beden-s","11":"first","12":"outofstock","13":"featured","14":"taxable","15":"shipping-taxable","16":"purchasable","17":"product-type-variable"},"_links":{"self":[{"href":"https:\/\/skbutik.com\/en\/wp-json\/wp\/v2\/product\/3953","targetHints":{"allow":["GET"]}}],"collection":[{"href":"https:\/\/skbutik.com\/en\/wp-json\/wp\/v2\/product"}],"about":[{"href":"https:\/\/skbutik.com\/en\/wp-json\/wp\/v2\/types\/product"}],"replies":[{"embeddable":true,"href":"https:\/\/skbutik.com\/en\/wp-json\/wp\/v2\/comments?post=3953"}],"wp:featuredmedia":[{"embeddable":true,"href":"https:\/\/skbutik.com\/en\/wp-json\/wp\/v2\/media\/3952"}],"wp:attachment":[{"href":"https:\/\/skbutik.com\/en\/wp-json\/wp\/v2\/media?parent=3953"}],"wp:term":[{"taxonomy":"product_brand","embeddable":true,"href":"https:\/\/skbutik.com\/en\/wp-json\/wp\/v2\/product_brand?post=3953"},{"taxonomy":"product_cat","embeddable":true,"href":"https:\/\/skbutik.com\/en\/wp-json\/wp\/v2\/product_cat?post=3953"},{"taxonomy":"product_tag","embeddable":true,"href":"https:\/\/skbutik.com\/en\/wp-json\/wp\/v2\/product_tag?post=3953"}],"curies":[{"name":"wp","href":"https:\/\/api.w.org\/{rel}","templated":true}]}}