{"id":3935,"date":"2025-10-02T15:42:31","date_gmt":"2025-10-02T12:42:31","guid":{"rendered":"https:\/\/skbutik.com\/?post_type=product&#038;p=3935"},"modified":"2026-04-13T05:38:38","modified_gmt":"2026-04-13T02:38:38","slug":"nilmark5523","status":"publish","type":"product","link":"https:\/\/skbutik.com\/en\/product\/nilmark5523\/","title":{"rendered":"N\u0130LMARK5523"},"content":{"rendered":"<p><b>Neden Bu Tak\u0131m\u0131 Tercih Etmelisiniz?<\/b><\/p>\n<ul>\n<li><b>Sonsuz Zarafet:<\/b> Ba\u015ftan aya\u011fa siyah\u0131n g\u00fc\u00e7l\u00fc ve asil duru\u015fu, sizi her ortamda zahmetsizce \u015f\u0131k g\u00f6sterir. \u0130ster bir i\u015f toplant\u0131s\u0131, ister \u00f6zel bir davet olsun, bu tak\u0131mla bak\u0131\u015flar\u0131 \u00fczerinize \u00e7ekeceksiniz.<\/li>\n<li><b>M\u00fckemmel Uyum ve Konfor:<\/b> Hafif d\u00f6k\u00fcml\u00fc bluz ve rahat kesimli, pilili <b>geni\u015f pa\u00e7a pantolon<\/b> (bol kesim pantolon), g\u00fcn boyu hareket \u00f6zg\u00fcrl\u00fc\u011f\u00fc ve \u00fcst d\u00fczey konfor sunar. Kuma\u015f\u0131n\u0131n yumu\u015fakl\u0131\u011f\u0131 ve ak\u0131c\u0131l\u0131\u011f\u0131 sayesinde \u00fczerinizde yokmu\u015f hissi yarat\u0131r.<\/li>\n<li><b>Detaylarda Gizli \u015e\u0131kl\u0131k:<\/b> Bluzdaki modern <b>cep detay\u0131<\/b> ve pantolondaki zarif <b>pililer<\/b>, tak\u0131ma karakter katarken, alt\u0131n rengi aksesuarlarla (g\u00f6rseldeki gibi) kolayca tamamlanabilir.<\/li>\n<li><\/li>\n<\/ul>","protected":false},"excerpt":{"rendered":"<p>Neden Bu Tak\u0131m\u0131 Tercih Etmelisiniz? Sonsuz Zarafet: Ba\u015ftan aya\u011fa siyah\u0131n g\u00fc\u00e7l\u00fc ve asil duru\u015fu, sizi her ortamda zahmetsizce \u015f\u0131k g\u00f6sterir.<\/p>","protected":false},"featured_media":3936,"comment_status":"open","ping_status":"closed","template":"","meta":[],"product_brand":[],"product_cat":[167],"product_tag":[],"class_list":{"0":"post-3935","1":"product","2":"type-product","3":"status-publish","4":"has-post-thumbnail","6":"product_cat-gunluk-siklik","7":"pa_beden-m-l","8":"pa_beden-s-m","10":"first","11":"instock","12":"sale","13":"taxable","14":"shipping-taxable","15":"purchasable","16":"product-type-variable"},"_links":{"self":[{"href":"https:\/\/skbutik.com\/en\/wp-json\/wp\/v2\/product\/3935","targetHints":{"allow":["GET"]}}],"collection":[{"href":"https:\/\/skbutik.com\/en\/wp-json\/wp\/v2\/product"}],"about":[{"href":"https:\/\/skbutik.com\/en\/wp-json\/wp\/v2\/types\/product"}],"replies":[{"embeddable":true,"href":"https:\/\/skbutik.com\/en\/wp-json\/wp\/v2\/comments?post=3935"}],"wp:featuredmedia":[{"embeddable":true,"href":"https:\/\/skbutik.com\/en\/wp-json\/wp\/v2\/media\/3936"}],"wp:attachment":[{"href":"https:\/\/skbutik.com\/en\/wp-json\/wp\/v2\/media?parent=3935"}],"wp:term":[{"taxonomy":"product_brand","embeddable":true,"href":"https:\/\/skbutik.com\/en\/wp-json\/wp\/v2\/product_brand?post=3935"},{"taxonomy":"product_cat","embeddable":true,"href":"https:\/\/skbutik.com\/en\/wp-json\/wp\/v2\/product_cat?post=3935"},{"taxonomy":"product_tag","embeddable":true,"href":"https:\/\/skbutik.com\/en\/wp-json\/wp\/v2\/product_tag?post=3935"}],"curies":[{"name":"wp","href":"https:\/\/api.w.org\/{rel}","templated":true}]}}