{"id":3929,"date":"2025-10-02T15:36:13","date_gmt":"2025-10-02T12:36:13","guid":{"rendered":"https:\/\/skbutik.com\/?post_type=product&#038;p=3929"},"modified":"2026-04-14T06:06:45","modified_gmt":"2026-04-14T03:06:45","slug":"nilmark-1516","status":"publish","type":"product","link":"https:\/\/skbutik.com\/en\/product\/nilmark-1516\/","title":{"rendered":"nilmark 1516"},"content":{"rendered":"<p><b>Neden Bu Tak\u0131m\u0131 Tercih Etmelisiniz?<\/b><\/p>\n<ul>\n<li><b>K \u00f6mbin \u00f6nerisi Sonsuz Zarafet:<\/b> Ba\u015ftan aya\u011fa siyah\u0131n g\u00fc\u00e7l\u00fc ve asil duru\u015fu, sizi her ortamda zahmetsizce \u015f\u0131k g\u00f6sterir. \u0130ster bir i\u015f toplant\u0131s\u0131, ister \u00f6zel bir davet olsun, bu tak\u0131mla bak\u0131\u015flar\u0131 \u00fczerinize \u00e7ekeceksiniz.<\/li>\n<li><b>M\u00fckemmel Uyum ve Konfor:<\/b> Hafif d\u00f6k\u00fcml\u00fc bluz ve rahat kesimli, pilili <b>geni\u015f pa\u00e7a pantolon<\/b> (etek g\u00f6r\u00fcn\u00fcml\u00fc bol kesim pantolon), g\u00fcn boyu hareket \u00f6zg\u00fcrl\u00fc\u011f\u00fc ve \u00fcst d\u00fczey konfor sunar. Kuma\u015f\u0131n\u0131n yumu\u015fakl\u0131\u011f\u0131 ve ak\u0131c\u0131l\u0131\u011f\u0131 sayesinde \u00fczerinizde yokmu\u015f hissi yarat\u0131r.<\/li>\n<li><b>Detaylarda Gizli \u015e\u0131kl\u0131k:<\/b> Bluzdaki modern <b>cep detay\u0131<\/b> ve pantolondaki zarif <b>pililer<\/b>, tak\u0131ma karakter katarken, alt\u0131n rengi aksesuarlarla (g\u00f6rseldeki gibi) kolayca tamamlanabilir.<\/li>\n<li><\/li>\n<\/ul>","protected":false},"excerpt":{"rendered":"<p>Neden Bu Tak\u0131m\u0131 Tercih Etmelisiniz? K \u00f6mbin \u00f6nerisi Sonsuz Zarafet: Ba\u015ftan aya\u011fa siyah\u0131n g\u00fc\u00e7l\u00fc ve asil duru\u015fu, sizi her ortamda<\/p>","protected":false},"featured_media":3931,"comment_status":"open","ping_status":"closed","template":"","meta":[],"product_brand":[],"product_cat":[167],"product_tag":[],"class_list":{"0":"post-3929","1":"product","2":"type-product","3":"status-publish","4":"has-post-thumbnail","6":"product_cat-gunluk-siklik","7":"pa_beden-m-l","8":"pa_beden-s-m","10":"first","11":"outofstock","12":"taxable","13":"shipping-taxable","14":"purchasable","15":"product-type-variable"},"_links":{"self":[{"href":"https:\/\/skbutik.com\/en\/wp-json\/wp\/v2\/product\/3929","targetHints":{"allow":["GET"]}}],"collection":[{"href":"https:\/\/skbutik.com\/en\/wp-json\/wp\/v2\/product"}],"about":[{"href":"https:\/\/skbutik.com\/en\/wp-json\/wp\/v2\/types\/product"}],"replies":[{"embeddable":true,"href":"https:\/\/skbutik.com\/en\/wp-json\/wp\/v2\/comments?post=3929"}],"wp:featuredmedia":[{"embeddable":true,"href":"https:\/\/skbutik.com\/en\/wp-json\/wp\/v2\/media\/3931"}],"wp:attachment":[{"href":"https:\/\/skbutik.com\/en\/wp-json\/wp\/v2\/media?parent=3929"}],"wp:term":[{"taxonomy":"product_brand","embeddable":true,"href":"https:\/\/skbutik.com\/en\/wp-json\/wp\/v2\/product_brand?post=3929"},{"taxonomy":"product_cat","embeddable":true,"href":"https:\/\/skbutik.com\/en\/wp-json\/wp\/v2\/product_cat?post=3929"},{"taxonomy":"product_tag","embeddable":true,"href":"https:\/\/skbutik.com\/en\/wp-json\/wp\/v2\/product_tag?post=3929"}],"curies":[{"name":"wp","href":"https:\/\/api.w.org\/{rel}","templated":true}]}}