{"id":3922,"date":"2025-10-02T15:21:14","date_gmt":"2025-10-02T12:21:14","guid":{"rendered":"https:\/\/skbutik.com\/?post_type=product&#038;p=3922"},"modified":"2026-04-14T05:45:11","modified_gmt":"2026-04-14T02:45:11","slug":"ceremoni5739","status":"publish","type":"product","link":"https:\/\/skbutik.com\/en\/product\/ceremoni5739\/","title":{"rendered":"ceremoni5739"},"content":{"rendered":"<ul>\n<li>\u00dcst k\u0131sm\u0131n sade, d\u00f6k\u00fcml\u00fc kuma\u015f\u0131 ile alt k\u0131s\u0131mdaki <b>dikey pilise<\/b> detay\u0131n\u0131n uyumu, boyunuzu daha uzun ve sil\u00fcetinizi daha ince g\u00f6sterir.<\/li>\n<li><b>Konforlu \u015e\u0131kl\u0131k:<\/b> Uzun kollu ve maksi boy kesimi sayesinde hem rahatl\u0131k sunar hem de resmiyet gerektiren davetlerden \u00f6zel ak\u015fam yemeklerine kadar pek \u00e7ok ortam i\u00e7in ideal bir \u015f\u0131kl\u0131k vadeder.<\/li>\n<li><b>Asil Renk:<\/b> Kahve tonlar\u0131ndaki bu renk se\u00e7ene\u011fi, y\u0131l\u0131n her mevsimine uyum sa\u011flayan, <b>asil ve kolay kombinlenebilir<\/b> bir duru\u015f sergiler. Alt\u0131n veya siyah aksesuarlarla tamamland\u0131\u011f\u0131nda zarafetiniz zirveye ula\u015facakt\u0131r.<\/li>\n<\/ul>","protected":false},"excerpt":{"rendered":"<p>\u00dcst k\u0131sm\u0131n sade, d\u00f6k\u00fcml\u00fc kuma\u015f\u0131 ile alt k\u0131s\u0131mdaki dikey pilise detay\u0131n\u0131n uyumu, boyunuzu daha uzun ve sil\u00fcetinizi daha ince g\u00f6sterir.<\/p>","protected":false},"featured_media":3923,"comment_status":"open","ping_status":"closed","template":"","meta":[],"product_brand":[],"product_cat":[167],"product_tag":[],"class_list":{"0":"post-3922","1":"product","2":"type-product","3":"status-publish","4":"has-post-thumbnail","6":"product_cat-gunluk-siklik","7":"pa_beden-37","8":"pa_beden-38","9":"pa_beden-39","11":"first","12":"outofstock","13":"sale","14":"taxable","15":"shipping-taxable","16":"purchasable","17":"product-type-variable"},"_links":{"self":[{"href":"https:\/\/skbutik.com\/en\/wp-json\/wp\/v2\/product\/3922","targetHints":{"allow":["GET"]}}],"collection":[{"href":"https:\/\/skbutik.com\/en\/wp-json\/wp\/v2\/product"}],"about":[{"href":"https:\/\/skbutik.com\/en\/wp-json\/wp\/v2\/types\/product"}],"replies":[{"embeddable":true,"href":"https:\/\/skbutik.com\/en\/wp-json\/wp\/v2\/comments?post=3922"}],"wp:featuredmedia":[{"embeddable":true,"href":"https:\/\/skbutik.com\/en\/wp-json\/wp\/v2\/media\/3923"}],"wp:attachment":[{"href":"https:\/\/skbutik.com\/en\/wp-json\/wp\/v2\/media?parent=3922"}],"wp:term":[{"taxonomy":"product_brand","embeddable":true,"href":"https:\/\/skbutik.com\/en\/wp-json\/wp\/v2\/product_brand?post=3922"},{"taxonomy":"product_cat","embeddable":true,"href":"https:\/\/skbutik.com\/en\/wp-json\/wp\/v2\/product_cat?post=3922"},{"taxonomy":"product_tag","embeddable":true,"href":"https:\/\/skbutik.com\/en\/wp-json\/wp\/v2\/product_tag?post=3922"}],"curies":[{"name":"wp","href":"https:\/\/api.w.org\/{rel}","templated":true}]}}