{"id":3914,"date":"2025-10-02T12:08:32","date_gmt":"2025-10-02T09:08:32","guid":{"rendered":"https:\/\/skbutik.com\/?post_type=product&#038;p=3914"},"modified":"2026-04-14T06:17:05","modified_gmt":"2026-04-14T03:17:05","slug":"tigtiriko5029","status":"publish","type":"product","link":"https:\/\/skbutik.com\/en\/product\/tigtiriko5029\/","title":{"rendered":"t\u0131gtiriko5029"},"content":{"rendered":"<p>Bu tak\u0131m, <b>rahatl\u0131\u011f\u0131<\/b> ve <b>zahmetsiz \u015f\u0131kl\u0131\u011f\u0131<\/b> bir araya getiriyor. Yumu\u015fak <b>triko veya \u00f6rme kuma\u015f\u0131<\/b> sayesinde g\u00fcn boyu konfor sunarken, minimalist tasar\u0131m\u0131yla her ortamda asil bir duru\u015f sergiler.<\/p>\n<ul>\n<li><b>Maksimum Konforlu Triko:<\/b> V\u00fccuda nazik\u00e7e oturan, esnek ve d\u00f6k\u00fcml\u00fc <b>kaliteli triko kuma\u015f\u0131<\/b>, g\u00fcn\u00fcn her an\u0131nda hareket \u00f6zg\u00fcrl\u00fc\u011f\u00fc ve s\u0131cak bir dokunu\u015f sa\u011flar.<\/li>\n<li><b>Modern D\u00fc\u011fme Detay\u0131:<\/b> \u00dcst par\u00e7adaki <b>\u015f\u0131k ve parlak d\u00fc\u011fmeler<\/b>, tak\u0131ma modern bir hava katarken, ceket\/h\u0131rka g\u00f6r\u00fcn\u00fcm\u00fcndeki bu \u00fcst\u00fc bir ceket gibi veya kapal\u0131 olarak kullanma imkan\u0131 sunar.<\/li>\n<\/ul>","protected":false},"excerpt":{"rendered":"<p>Bu tak\u0131m, rahatl\u0131\u011f\u0131 ve zahmetsiz \u015f\u0131kl\u0131\u011f\u0131 bir araya getiriyor. Yumu\u015fak triko veya \u00f6rme kuma\u015f\u0131 sayesinde g\u00fcn boyu konfor sunarken, minimalist<\/p>","protected":false},"featured_media":3915,"comment_status":"open","ping_status":"closed","template":"","meta":[],"product_brand":[],"product_cat":[167],"product_tag":[],"class_list":{"0":"post-3914","1":"product","2":"type-product","3":"status-publish","4":"has-post-thumbnail","6":"product_cat-gunluk-siklik","7":"pa_beden-37","8":"pa_beden-38","9":"pa_beden-39","11":"first","12":"instock","13":"taxable","14":"shipping-taxable","15":"purchasable","16":"product-type-variable"},"_links":{"self":[{"href":"https:\/\/skbutik.com\/en\/wp-json\/wp\/v2\/product\/3914","targetHints":{"allow":["GET"]}}],"collection":[{"href":"https:\/\/skbutik.com\/en\/wp-json\/wp\/v2\/product"}],"about":[{"href":"https:\/\/skbutik.com\/en\/wp-json\/wp\/v2\/types\/product"}],"replies":[{"embeddable":true,"href":"https:\/\/skbutik.com\/en\/wp-json\/wp\/v2\/comments?post=3914"}],"wp:featuredmedia":[{"embeddable":true,"href":"https:\/\/skbutik.com\/en\/wp-json\/wp\/v2\/media\/3915"}],"wp:attachment":[{"href":"https:\/\/skbutik.com\/en\/wp-json\/wp\/v2\/media?parent=3914"}],"wp:term":[{"taxonomy":"product_brand","embeddable":true,"href":"https:\/\/skbutik.com\/en\/wp-json\/wp\/v2\/product_brand?post=3914"},{"taxonomy":"product_cat","embeddable":true,"href":"https:\/\/skbutik.com\/en\/wp-json\/wp\/v2\/product_cat?post=3914"},{"taxonomy":"product_tag","embeddable":true,"href":"https:\/\/skbutik.com\/en\/wp-json\/wp\/v2\/product_tag?post=3914"}],"curies":[{"name":"wp","href":"https:\/\/api.w.org\/{rel}","templated":true}]}}