{"id":3899,"date":"2025-10-02T11:53:08","date_gmt":"2025-10-02T08:53:08","guid":{"rendered":"https:\/\/skbutik.com\/?post_type=product&#038;p=3899"},"modified":"2026-04-13T05:47:04","modified_gmt":"2026-04-13T02:47:04","slug":"solis7032","status":"publish","type":"product","link":"https:\/\/skbutik.com\/en\/product\/solis7032\/","title":{"rendered":"SOL\u0130S KAP 7032"},"content":{"rendered":"<p>Mevsim ge\u00e7i\u015flerinin ve \u015fehir hayat\u0131n\u0131n vazge\u00e7ilmezi olan bu par\u00e7a, <b>klasik tren\u00e7kot sil\u00fcetini<\/b> <b>modern ve iddial\u0131 metal detaylarla<\/b> bulu\u015fturuyor. Siyah\u0131n g\u00fc\u00e7l\u00fc duru\u015fuyla her kombininize an\u0131nda stil kat\u0131n.<\/p>\n<p><b>Neden Bu Tren\u00e7kot Gard\u0131robunuzda Olmal\u0131?<\/b><\/p>\n<ul>\n<li><b>\u0130ddial\u0131 Metal Aksesuarlar:<\/b> Omuzlarda, yaka \u00e7evresinde ve etek ucunda kullan\u0131lan <b>metal halka (ku\u015fg\u00f6z\u00fc) ve \u00e7\u0131t\u00e7\u0131t detaylar\u0131<\/b>, bu tren\u00e7kotu s\u0131radan d\u0131\u015f giyim par\u00e7alar\u0131ndan ay\u0131rarak modern, dinamik bir g\u00f6r\u00fcn\u00fcm sunar.<\/li>\n<li><b>M\u00fckemmel Uzunluk:<\/b> <b>Uzun kesimi<\/b> sayesinde hem so\u011fuktan korur hem de pantolon, etek ya da elbiselerle zahmetsizce birle\u015ferek boyu daha uzun g\u00f6steren \u015f\u0131k bir sil\u00fcet yarat\u0131r.<\/li>\n<li><b>Fonksiyonel Konfor:<\/b> Gizli <b>cepleri<\/b> ve t\u00fcm boy boyunca uzanan <b>\u00e7\u0131t\u00e7\u0131t kapamas\u0131<\/b>, pratik ve rahat bir kullan\u0131m sunar. G\u00fcn boyu hareket \u00f6zg\u00fcrl\u00fc\u011f\u00fcn\u00fcz\u00fc k\u0131s\u0131tlamaz.<\/li>\n<\/ul>","protected":false},"excerpt":{"rendered":"<p>Mevsim ge\u00e7i\u015flerinin ve \u015fehir hayat\u0131n\u0131n vazge\u00e7ilmezi olan bu par\u00e7a, klasik tren\u00e7kot sil\u00fcetini modern ve iddial\u0131 metal detaylarla bulu\u015fturuyor. Siyah\u0131n g\u00fc\u00e7l\u00fc<\/p>","protected":false},"featured_media":3900,"comment_status":"open","ping_status":"closed","template":"","meta":[],"product_brand":[],"product_cat":[167],"product_tag":[],"class_list":{"0":"post-3899","1":"product","2":"type-product","3":"status-publish","4":"has-post-thumbnail","6":"product_cat-gunluk-siklik","7":"pa_beden-37","8":"pa_beden-38","9":"pa_beden-39","10":"pa_beden-120","12":"first","13":"instock","14":"taxable","15":"shipping-taxable","16":"purchasable","17":"product-type-variable"},"_links":{"self":[{"href":"https:\/\/skbutik.com\/en\/wp-json\/wp\/v2\/product\/3899","targetHints":{"allow":["GET"]}}],"collection":[{"href":"https:\/\/skbutik.com\/en\/wp-json\/wp\/v2\/product"}],"about":[{"href":"https:\/\/skbutik.com\/en\/wp-json\/wp\/v2\/types\/product"}],"replies":[{"embeddable":true,"href":"https:\/\/skbutik.com\/en\/wp-json\/wp\/v2\/comments?post=3899"}],"wp:featuredmedia":[{"embeddable":true,"href":"https:\/\/skbutik.com\/en\/wp-json\/wp\/v2\/media\/3900"}],"wp:attachment":[{"href":"https:\/\/skbutik.com\/en\/wp-json\/wp\/v2\/media?parent=3899"}],"wp:term":[{"taxonomy":"product_brand","embeddable":true,"href":"https:\/\/skbutik.com\/en\/wp-json\/wp\/v2\/product_brand?post=3899"},{"taxonomy":"product_cat","embeddable":true,"href":"https:\/\/skbutik.com\/en\/wp-json\/wp\/v2\/product_cat?post=3899"},{"taxonomy":"product_tag","embeddable":true,"href":"https:\/\/skbutik.com\/en\/wp-json\/wp\/v2\/product_tag?post=3899"}],"curies":[{"name":"wp","href":"https:\/\/api.w.org\/{rel}","templated":true}]}}