{"id":3895,"date":"2025-10-02T11:46:03","date_gmt":"2025-10-02T08:46:03","guid":{"rendered":"https:\/\/skbutik.com\/?post_type=product&#038;p=3895"},"modified":"2026-04-14T06:07:23","modified_gmt":"2026-04-14T03:07:23","slug":"noi-0100","status":"publish","type":"product","link":"https:\/\/skbutik.com\/en\/product\/noi-0100\/","title":{"rendered":"NO\u0130 KAP  0100"},"content":{"rendered":"<ul>\n<li>\u0131\u015f aylar\u0131n\u0131n al\u0131\u015f\u0131lm\u0131\u015f koyu tonlar\u0131n\u0131n aras\u0131ndan s\u0131yr\u0131lan <b>tertemiz beyaz rengi<\/b>, size an\u0131nda l\u00fcks ve sofistike bir hava katacakt\u0131r.<\/li>\n<li><b>Heykelimsi B\u00fcy\u00fck Yaka:<\/b> En belirgin \u00f6zelli\u011fi olan <b>hacimli \u015fal yakas\u0131<\/b>, y\u00fcz\u00fcn\u00fcz\u00fc \u00e7er\u00e7eveleyerek zarif bir duru\u015f sergiler. Bu iddial\u0131 yaka tasar\u0131m\u0131, kaban\u0131 adeta bir sanat eserine d\u00f6n\u00fc\u015ft\u00fcr\u00fcr.<\/li>\n<li><b>\u00d6zel Kapitone Dokusu:<\/b> Kaban\u0131n y\u00fczeyindeki <b>kabartmal\u0131, benzersiz kapitone deseni<\/b>, sadece s\u0131cakl\u0131k sa\u011flamakla kalmaz, ayn\u0131 zamanda \u0131\u015f\u0131k alt\u0131nda derinlikli ve zengin bir doku sunar.<\/li>\n<\/ul>","protected":false},"excerpt":{"rendered":"<p>\u0131\u015f aylar\u0131n\u0131n al\u0131\u015f\u0131lm\u0131\u015f koyu tonlar\u0131n\u0131n aras\u0131ndan s\u0131yr\u0131lan tertemiz beyaz rengi, size an\u0131nda l\u00fcks ve sofistike bir hava katacakt\u0131r. Heykelimsi B\u00fcy\u00fck<\/p>","protected":false},"featured_media":3896,"comment_status":"open","ping_status":"closed","template":"","meta":[],"product_brand":[],"product_cat":[167],"product_tag":[],"class_list":{"0":"post-3895","1":"product","2":"type-product","3":"status-publish","4":"has-post-thumbnail","6":"product_cat-gunluk-siklik","7":"pa_beden-standart","9":"first","10":"instock","11":"taxable","12":"shipping-taxable","13":"purchasable","14":"product-type-variable"},"_links":{"self":[{"href":"https:\/\/skbutik.com\/en\/wp-json\/wp\/v2\/product\/3895","targetHints":{"allow":["GET"]}}],"collection":[{"href":"https:\/\/skbutik.com\/en\/wp-json\/wp\/v2\/product"}],"about":[{"href":"https:\/\/skbutik.com\/en\/wp-json\/wp\/v2\/types\/product"}],"replies":[{"embeddable":true,"href":"https:\/\/skbutik.com\/en\/wp-json\/wp\/v2\/comments?post=3895"}],"wp:featuredmedia":[{"embeddable":true,"href":"https:\/\/skbutik.com\/en\/wp-json\/wp\/v2\/media\/3896"}],"wp:attachment":[{"href":"https:\/\/skbutik.com\/en\/wp-json\/wp\/v2\/media?parent=3895"}],"wp:term":[{"taxonomy":"product_brand","embeddable":true,"href":"https:\/\/skbutik.com\/en\/wp-json\/wp\/v2\/product_brand?post=3895"},{"taxonomy":"product_cat","embeddable":true,"href":"https:\/\/skbutik.com\/en\/wp-json\/wp\/v2\/product_cat?post=3895"},{"taxonomy":"product_tag","embeddable":true,"href":"https:\/\/skbutik.com\/en\/wp-json\/wp\/v2\/product_tag?post=3895"}],"curies":[{"name":"wp","href":"https:\/\/api.w.org\/{rel}","templated":true}]}}