{"id":3890,"date":"2025-10-02T11:18:19","date_gmt":"2025-10-02T08:18:19","guid":{"rendered":"https:\/\/skbutik.com\/?post_type=product&#038;p=3890"},"modified":"2026-04-14T06:07:42","modified_gmt":"2026-04-14T03:07:42","slug":"noi0000","status":"publish","type":"product","link":"https:\/\/skbutik.com\/en\/product\/noi0000\/","title":{"rendered":"noi0000"},"content":{"rendered":"<p>K\u0131\u015f \u015e\u0131kl\u0131\u011f\u0131na Sofistike Bir Dokunu\u015f: Kapitone Kaban<\/p>\n<p>Bu kaban, so\u011fuk havalarda stilinizden \u00f6d\u00fcn vermek istemeyenler i\u00e7in tasarland\u0131. <b>Siyah\u0131n zamans\u0131z asaletini<\/b>, <b>modern tasar\u0131m detaylar\u0131<\/b> ve <b>s\u0131cak tutan kapitone dokusuyla<\/b> birle\u015ftiriyor.<\/p>\n<p><b>Neden Bu Kaban\u0131 Gard\u0131robunuza Eklemelisiniz?<\/b><\/p>\n<ul>\n<li><b>Dramatik B\u00fcy\u00fck Yaka:<\/b> En dikkat \u00e7ekici \u00f6zellik! <b>\u015eal yaka<\/b> formundaki geni\u015f ve hacimli tasar\u0131m, hem r\u00fczg\u00e2rdan korur hem de an\u0131nda sofistike ve \u00e7arp\u0131c\u0131 bir sil\u00fcet yarat\u0131r.<\/li>\n<li><b>Modern Kapitone Doku:<\/b> Farkl\u0131 ve \u015f\u0131k bir etki yaratan <b>\u00f6zg\u00fcn desenli kapitone<\/b> kuma\u015f, kaban\u0131 klasik kabanlardan ay\u0131r\u0131r ve hacimli duru\u015funu peki\u015ftirir.<\/li>\n<\/ul>","protected":false},"excerpt":{"rendered":"<p>K\u0131\u015f \u015e\u0131kl\u0131\u011f\u0131na Sofistike Bir Dokunu\u015f: Kapitone Kaban Bu kaban, so\u011fuk havalarda stilinizden \u00f6d\u00fcn vermek istemeyenler i\u00e7in tasarland\u0131. Siyah\u0131n zamans\u0131z asaletini,<\/p>","protected":false},"featured_media":3891,"comment_status":"open","ping_status":"closed","template":"","meta":[],"product_brand":[],"product_cat":[167],"product_tag":[],"class_list":{"0":"post-3890","1":"product","2":"type-product","3":"status-publish","4":"has-post-thumbnail","6":"product_cat-gunluk-siklik","7":"pa_beden-standart","9":"first","10":"outofstock","11":"taxable","12":"shipping-taxable","13":"purchasable","14":"product-type-variable"},"_links":{"self":[{"href":"https:\/\/skbutik.com\/en\/wp-json\/wp\/v2\/product\/3890","targetHints":{"allow":["GET"]}}],"collection":[{"href":"https:\/\/skbutik.com\/en\/wp-json\/wp\/v2\/product"}],"about":[{"href":"https:\/\/skbutik.com\/en\/wp-json\/wp\/v2\/types\/product"}],"replies":[{"embeddable":true,"href":"https:\/\/skbutik.com\/en\/wp-json\/wp\/v2\/comments?post=3890"}],"wp:featuredmedia":[{"embeddable":true,"href":"https:\/\/skbutik.com\/en\/wp-json\/wp\/v2\/media\/3891"}],"wp:attachment":[{"href":"https:\/\/skbutik.com\/en\/wp-json\/wp\/v2\/media?parent=3890"}],"wp:term":[{"taxonomy":"product_brand","embeddable":true,"href":"https:\/\/skbutik.com\/en\/wp-json\/wp\/v2\/product_brand?post=3890"},{"taxonomy":"product_cat","embeddable":true,"href":"https:\/\/skbutik.com\/en\/wp-json\/wp\/v2\/product_cat?post=3890"},{"taxonomy":"product_tag","embeddable":true,"href":"https:\/\/skbutik.com\/en\/wp-json\/wp\/v2\/product_tag?post=3890"}],"curies":[{"name":"wp","href":"https:\/\/api.w.org\/{rel}","templated":true}]}}