{"id":3886,"date":"2025-10-02T11:11:44","date_gmt":"2025-10-02T08:11:44","guid":{"rendered":"https:\/\/skbutik.com\/?post_type=product&#038;p=3886"},"modified":"2026-04-14T11:47:49","modified_gmt":"2026-04-14T08:47:49","slug":"my3123886","status":"publish","type":"product","link":"https:\/\/skbutik.com\/en\/product\/my3123886\/","title":{"rendered":"my312 ELB\u0130SE 3886"},"content":{"rendered":"<ul>\n<li><b>Benzersiz Katmanl\u0131 Tasar\u0131m:<\/b> \u00dcst k\u0131s\u0131mda bulunan <b>k\u0131sa, bol kesim katman<\/b>, elbiseye dinamik bir hava katarken, yaka ve man\u015fetlerdeki parlak \u015ferit detaylar\u0131 modern ve l\u00fcks bir dokunu\u015f sa\u011flar.<\/li>\n<li><b>Fonksiyonel \u015e\u0131kl\u0131k:<\/b> Bel k\u0131sm\u0131nda gizlenmi\u015f <b>cepler<\/b> hem rahatl\u0131k hem de modern bir duru\u015f sunar. \u015e\u0131kl\u0131\u011f\u0131n\u0131zdan \u00f6d\u00fcn vermeden pratikli\u011fi yakalay\u0131n.<\/li>\n<li><b>Asil Aksesuar:<\/b> Yaka k\u0131sm\u0131na zarif\u00e7e ili\u015ftirilmi\u015f <b>b\u00fcy\u00fck ve dikkat \u00e7ekici bro\u015f\/aksesuar<\/b>, elbiseyi bir \u00fcst seviyeye ta\u015f\u0131r. (Bu aksesuar\u0131n dahil olup olmad\u0131\u011f\u0131n\u0131 belirtmeyi unutmay\u0131n!)<\/li>\n<li><b>Maksimum Konfor:<\/b> Ak\u0131c\u0131 ve d\u00f6k\u00fcml\u00fc kuma\u015f\u0131 sayesinde g\u00fcn boyu rahat\u00e7a hareket edebilir, \u015f\u0131kl\u0131\u011f\u0131n\u0131z\u0131 koruyabilirsiniz.<\/li>\n<li><b>\u00c7ok Y\u00f6nl\u00fc Kullan\u0131m:<\/b> Birbirinden farkl\u0131 davetlerde, \u00f6zel ak\u015fam yemeklerinde, resmi etkinliklerde ve hatta \u015f\u0131k bir g\u00fcnl\u00fck kombin olarak rahatl\u0131kla tercih edilebilir.<\/li>\n<\/ul>","protected":false},"excerpt":{"rendered":"<p>Benzersiz Katmanl\u0131 Tasar\u0131m: \u00dcst k\u0131s\u0131mda bulunan k\u0131sa, bol kesim katman, elbiseye dinamik bir hava katarken, yaka ve man\u015fetlerdeki parlak \u015ferit<\/p>","protected":false},"featured_media":3887,"comment_status":"open","ping_status":"closed","template":"","meta":[],"product_brand":[],"product_cat":[167],"product_tag":[],"class_list":{"0":"post-3886","1":"product","2":"type-product","3":"status-publish","4":"has-post-thumbnail","6":"product_cat-gunluk-siklik","7":"pa_beden-37","8":"pa_beden-38","10":"first","11":"outofstock","12":"taxable","13":"shipping-taxable","14":"purchasable","15":"product-type-variable"},"_links":{"self":[{"href":"https:\/\/skbutik.com\/en\/wp-json\/wp\/v2\/product\/3886","targetHints":{"allow":["GET"]}}],"collection":[{"href":"https:\/\/skbutik.com\/en\/wp-json\/wp\/v2\/product"}],"about":[{"href":"https:\/\/skbutik.com\/en\/wp-json\/wp\/v2\/types\/product"}],"replies":[{"embeddable":true,"href":"https:\/\/skbutik.com\/en\/wp-json\/wp\/v2\/comments?post=3886"}],"wp:featuredmedia":[{"embeddable":true,"href":"https:\/\/skbutik.com\/en\/wp-json\/wp\/v2\/media\/3887"}],"wp:attachment":[{"href":"https:\/\/skbutik.com\/en\/wp-json\/wp\/v2\/media?parent=3886"}],"wp:term":[{"taxonomy":"product_brand","embeddable":true,"href":"https:\/\/skbutik.com\/en\/wp-json\/wp\/v2\/product_brand?post=3886"},{"taxonomy":"product_cat","embeddable":true,"href":"https:\/\/skbutik.com\/en\/wp-json\/wp\/v2\/product_cat?post=3886"},{"taxonomy":"product_tag","embeddable":true,"href":"https:\/\/skbutik.com\/en\/wp-json\/wp\/v2\/product_tag?post=3886"}],"curies":[{"name":"wp","href":"https:\/\/api.w.org\/{rel}","templated":true}]}}