{"id":3873,"date":"2025-09-30T14:35:04","date_gmt":"2025-09-30T11:35:04","guid":{"rendered":"https:\/\/skbutik.com\/?post_type=product&#038;p=3873"},"modified":"2026-04-14T06:03:55","modified_gmt":"2026-04-14T03:03:55","slug":"my3121524","status":"publish","type":"product","link":"https:\/\/skbutik.com\/en\/product\/my3121524\/","title":{"rendered":"my312 \u0130K\u0130L\u0130 TAKIM1524"},"content":{"rendered":"<ul>\n<li><b><span dir=\"auto\">Modern Tren\u00e7kot Esintili Ceket:<\/span><\/b><span dir=\"auto\"> B\u00fcy\u00fck boy <\/span><b><span dir=\"auto\">, kemerli ceket, modern ve \u015f\u0131k bir hava katan kontrast <\/span><\/b><b><span dir=\"auto\">beyaz diki\u015fleriyle<\/span><\/b><span dir=\"auto\"> dikkat \u00e7ekici bir par\u00e7a . Bu detay, klasik siyah g\u00f6r\u00fcn\u00fcm\u00fc \u00f6ne \u00e7\u0131kararak an\u0131nda g\u00f6z al\u0131c\u0131 hale getiriyor. Rahat, d\u00fc\u015f\u00fck omuz ve yaka, \u015f\u0131k ve rahat bir d\u00f6k\u00fcm sa\u011fl\u0131yor.<\/span><\/li>\n<li><b><span dir=\"auto\">\u015e\u0131k Siluet: Ceket, uyumlu <\/span><\/b><b><span dir=\"auto\">kuma\u015f kemeriyle<\/span><\/b><span dir=\"auto\"> belden s\u0131k\u0131la\u015ft\u0131r\u0131larak g\u00fczel ve \u015f\u0131k bir siluet olu\u015fturuyor. Ceketin <\/span><b><span dir=\"auto\">katmanl\u0131 etek ucu , derinlik ve zarif, kad\u0131ns\u0131 bir hava kat\u0131yor.<\/span><\/b><\/li>\n<li><\/li>\n<\/ul>","protected":false},"excerpt":{"rendered":"<p>Modern Tren\u00e7kot Esintili Ceket: B\u00fcy\u00fck boy , kemerli ceket, modern ve \u015f\u0131k bir hava katan kontrast beyaz diki\u015fleriyle dikkat \u00e7ekici<\/p>","protected":false},"featured_media":3874,"comment_status":"open","ping_status":"closed","template":"","meta":[],"product_brand":[],"product_cat":[167],"product_tag":[],"class_list":{"0":"post-3873","1":"product","2":"type-product","3":"status-publish","4":"has-post-thumbnail","6":"product_cat-gunluk-siklik","7":"pa_beden-37","8":"pa_beden-38","10":"first","11":"instock","12":"taxable","13":"shipping-taxable","14":"purchasable","15":"product-type-variable"},"_links":{"self":[{"href":"https:\/\/skbutik.com\/en\/wp-json\/wp\/v2\/product\/3873","targetHints":{"allow":["GET"]}}],"collection":[{"href":"https:\/\/skbutik.com\/en\/wp-json\/wp\/v2\/product"}],"about":[{"href":"https:\/\/skbutik.com\/en\/wp-json\/wp\/v2\/types\/product"}],"replies":[{"embeddable":true,"href":"https:\/\/skbutik.com\/en\/wp-json\/wp\/v2\/comments?post=3873"}],"wp:featuredmedia":[{"embeddable":true,"href":"https:\/\/skbutik.com\/en\/wp-json\/wp\/v2\/media\/3874"}],"wp:attachment":[{"href":"https:\/\/skbutik.com\/en\/wp-json\/wp\/v2\/media?parent=3873"}],"wp:term":[{"taxonomy":"product_brand","embeddable":true,"href":"https:\/\/skbutik.com\/en\/wp-json\/wp\/v2\/product_brand?post=3873"},{"taxonomy":"product_cat","embeddable":true,"href":"https:\/\/skbutik.com\/en\/wp-json\/wp\/v2\/product_cat?post=3873"},{"taxonomy":"product_tag","embeddable":true,"href":"https:\/\/skbutik.com\/en\/wp-json\/wp\/v2\/product_tag?post=3873"}],"curies":[{"name":"wp","href":"https:\/\/api.w.org\/{rel}","templated":true}]}}