{"id":3867,"date":"2025-09-27T19:12:59","date_gmt":"2025-09-27T16:12:59","guid":{"rendered":"https:\/\/skbutik.com\/?post_type=product&#038;p=3867"},"modified":"2026-04-14T06:13:43","modified_gmt":"2026-04-14T03:13:43","slug":"solis6500","status":"publish","type":"product","link":"https:\/\/skbutik.com\/en\/product\/solis6500\/","title":{"rendered":"solis MEVS\u0130ML\u0130K KAP 6500"},"content":{"rendered":"<ul>\n<li><b>M\u00fckemmel Ayarlanabilir Sil\u00fcet:<\/b> <b>\u0130pli, b\u00fczg\u00fcl\u00fc bel<\/b> detay\u0131 sayesinde ceketi diledi\u011finiz gibi ayarlayarak <b>belinizi vurgulayabilir<\/b> ve daha feminen, v\u00fccuda oturan bir g\u00f6r\u00fcn\u00fcm elde edebilirsiniz. Rahatl\u0131ktan \u00f6d\u00fcn vermeden stilinizi \u015fekillendirin.<\/li>\n<li><b>G\u00f6z Al\u0131c\u0131 Amblem Detay\u0131:<\/b> G\u00f6\u011f\u00fcs k\u0131sm\u0131ndaki <b>parlak, alt\u0131n tonlar\u0131nda amblem\/arma<\/b>, s\u0131radan bir spor ceketi an\u0131nda l\u00fcks bir seviyeye ta\u015f\u0131yor. Bu dokunu\u015f, casual kombinlerinizi bile daha \u00f6zel k\u0131l\u0131yor.<\/li>\n<\/ul>","protected":false},"excerpt":{"rendered":"<p>M\u00fckemmel Ayarlanabilir Sil\u00fcet: \u0130pli, b\u00fczg\u00fcl\u00fc bel detay\u0131 sayesinde ceketi diledi\u011finiz gibi ayarlayarak belinizi vurgulayabilir ve daha feminen, v\u00fccuda oturan bir<\/p>","protected":false},"featured_media":3868,"comment_status":"open","ping_status":"closed","template":"","meta":[],"product_brand":[],"product_cat":[167],"product_tag":[],"class_list":{"0":"post-3867","1":"product","2":"type-product","3":"status-publish","4":"has-post-thumbnail","6":"product_cat-gunluk-siklik","7":"pa_beden-37","8":"pa_beden-38","9":"pa_beden-39","11":"first","12":"instock","13":"taxable","14":"shipping-taxable","15":"purchasable","16":"product-type-variable"},"_links":{"self":[{"href":"https:\/\/skbutik.com\/en\/wp-json\/wp\/v2\/product\/3867","targetHints":{"allow":["GET"]}}],"collection":[{"href":"https:\/\/skbutik.com\/en\/wp-json\/wp\/v2\/product"}],"about":[{"href":"https:\/\/skbutik.com\/en\/wp-json\/wp\/v2\/types\/product"}],"replies":[{"embeddable":true,"href":"https:\/\/skbutik.com\/en\/wp-json\/wp\/v2\/comments?post=3867"}],"wp:featuredmedia":[{"embeddable":true,"href":"https:\/\/skbutik.com\/en\/wp-json\/wp\/v2\/media\/3868"}],"wp:attachment":[{"href":"https:\/\/skbutik.com\/en\/wp-json\/wp\/v2\/media?parent=3867"}],"wp:term":[{"taxonomy":"product_brand","embeddable":true,"href":"https:\/\/skbutik.com\/en\/wp-json\/wp\/v2\/product_brand?post=3867"},{"taxonomy":"product_cat","embeddable":true,"href":"https:\/\/skbutik.com\/en\/wp-json\/wp\/v2\/product_cat?post=3867"},{"taxonomy":"product_tag","embeddable":true,"href":"https:\/\/skbutik.com\/en\/wp-json\/wp\/v2\/product_tag?post=3867"}],"curies":[{"name":"wp","href":"https:\/\/api.w.org\/{rel}","templated":true}]}}