{"id":3861,"date":"2025-09-27T19:10:04","date_gmt":"2025-09-27T16:10:04","guid":{"rendered":"https:\/\/skbutik.com\/?post_type=product&#038;p=3861"},"modified":"2026-04-13T05:46:22","modified_gmt":"2026-04-13T02:46:22","slug":"solis6443","status":"publish","type":"product","link":"https:\/\/skbutik.com\/en\/product\/solis6443\/","title":{"rendered":"solis MEVS\u0130K KAP 6443"},"content":{"rendered":"<ul>\n<li>\u0130pli, b\u00fczg\u00fcl\u00fc bel detay\u0131 sayesinde ceketinizi diledi\u011finiz gibi <b>v\u00fccudunuza oturtup, sil\u00fcetinizi inceltebilirsiniz<\/b>. \u0130ster spor bir rahatl\u0131k, ister daha \u015fekilli bir duru\u015f elde edin.<\/li>\n<li><b>G\u00f6z Al\u0131c\u0131 Kontrast Detaylar:<\/b> Kap\u00fc\u015fonun i\u00e7indeki ve man\u015fetlerin alt\u0131ndaki <b>zebra\/leopar desenli astar<\/b> detay\u0131, ceketinizi hareket ettirdi\u011finizde veya kap\u00fc\u015fonunuzu a\u00e7t\u0131\u011f\u0131n\u0131zda ortaya \u00e7\u0131karak \u00e7arp\u0131c\u0131 ve modern bir hava kat\u0131yor.<\/li>\n<\/ul>","protected":false},"excerpt":{"rendered":"<p>\u0130pli, b\u00fczg\u00fcl\u00fc bel detay\u0131 sayesinde ceketinizi diledi\u011finiz gibi v\u00fccudunuza oturtup, sil\u00fcetinizi inceltebilirsiniz. \u0130ster spor bir rahatl\u0131k, ister daha \u015fekilli bir<\/p>","protected":false},"featured_media":3862,"comment_status":"open","ping_status":"closed","template":"","meta":[],"product_brand":[],"product_cat":[167],"product_tag":[],"class_list":{"0":"post-3861","1":"product","2":"type-product","3":"status-publish","4":"has-post-thumbnail","6":"product_cat-gunluk-siklik","7":"pa_beden-37","8":"pa_beden-38","9":"pa_beden-39","11":"first","12":"instock","13":"taxable","14":"shipping-taxable","15":"purchasable","16":"product-type-variable"},"_links":{"self":[{"href":"https:\/\/skbutik.com\/en\/wp-json\/wp\/v2\/product\/3861","targetHints":{"allow":["GET"]}}],"collection":[{"href":"https:\/\/skbutik.com\/en\/wp-json\/wp\/v2\/product"}],"about":[{"href":"https:\/\/skbutik.com\/en\/wp-json\/wp\/v2\/types\/product"}],"replies":[{"embeddable":true,"href":"https:\/\/skbutik.com\/en\/wp-json\/wp\/v2\/comments?post=3861"}],"wp:featuredmedia":[{"embeddable":true,"href":"https:\/\/skbutik.com\/en\/wp-json\/wp\/v2\/media\/3862"}],"wp:attachment":[{"href":"https:\/\/skbutik.com\/en\/wp-json\/wp\/v2\/media?parent=3861"}],"wp:term":[{"taxonomy":"product_brand","embeddable":true,"href":"https:\/\/skbutik.com\/en\/wp-json\/wp\/v2\/product_brand?post=3861"},{"taxonomy":"product_cat","embeddable":true,"href":"https:\/\/skbutik.com\/en\/wp-json\/wp\/v2\/product_cat?post=3861"},{"taxonomy":"product_tag","embeddable":true,"href":"https:\/\/skbutik.com\/en\/wp-json\/wp\/v2\/product_tag?post=3861"}],"curies":[{"name":"wp","href":"https:\/\/api.w.org\/{rel}","templated":true}]}}