{"id":3856,"date":"2025-09-27T19:04:01","date_gmt":"2025-09-27T16:04:01","guid":{"rendered":"https:\/\/skbutik.com\/?post_type=product&#038;p=3856"},"modified":"2026-04-13T05:39:02","modified_gmt":"2026-04-13T02:39:02","slug":"noi-0713","status":"publish","type":"product","link":"https:\/\/skbutik.com\/en\/product\/noi-0713\/","title":{"rendered":"noi KAP 0713"},"content":{"rendered":"<ul>\n<li><b>:<\/b> \u00dcr\u00fcn\u00fcn t\u00fcm kenarlar\u0131n\u0131 \u00e7evreleyen <b>kal\u0131n, siyah kontrast diki\u015fler<\/b> (stitch detaylar\u0131), cekete an\u0131nda modern ve grafik bir hava kat\u0131yor. Bu diki\u015fler hem yaka ve man\u015fetleri vurguluyor hem de ceketin kesimini \u00f6ne \u00e7\u0131kar\u0131yor.<\/li>\n<li><b>Rahat ve Yap\u0131l\u0131 Kuma\u015f:<\/b> Kaliteli <b>\u00f6rme triko<\/b> yap\u0131s\u0131 sayesinde ceket, duru\u015funu korurken inan\u0131lmaz derecede konforlu ve yumu\u015fak bir his sunuyor. Serin ak\u015famlarda veya ofis ortam\u0131nda ideal bir katmanlama par\u00e7as\u0131.<\/li>\n<\/ul>","protected":false},"excerpt":{"rendered":"<p>: \u00dcr\u00fcn\u00fcn t\u00fcm kenarlar\u0131n\u0131 \u00e7evreleyen kal\u0131n, siyah kontrast diki\u015fler (stitch detaylar\u0131), cekete an\u0131nda modern ve grafik bir hava kat\u0131yor. Bu<\/p>","protected":false},"featured_media":3857,"comment_status":"open","ping_status":"closed","template":"","meta":[],"product_brand":[],"product_cat":[167],"product_tag":[],"class_list":{"0":"post-3856","1":"product","2":"type-product","3":"status-publish","4":"has-post-thumbnail","6":"product_cat-gunluk-siklik","7":"pa_beden-standart","9":"first","10":"instock","11":"taxable","12":"shipping-taxable","13":"purchasable","14":"product-type-variable"},"_links":{"self":[{"href":"https:\/\/skbutik.com\/en\/wp-json\/wp\/v2\/product\/3856","targetHints":{"allow":["GET"]}}],"collection":[{"href":"https:\/\/skbutik.com\/en\/wp-json\/wp\/v2\/product"}],"about":[{"href":"https:\/\/skbutik.com\/en\/wp-json\/wp\/v2\/types\/product"}],"replies":[{"embeddable":true,"href":"https:\/\/skbutik.com\/en\/wp-json\/wp\/v2\/comments?post=3856"}],"wp:featuredmedia":[{"embeddable":true,"href":"https:\/\/skbutik.com\/en\/wp-json\/wp\/v2\/media\/3857"}],"wp:attachment":[{"href":"https:\/\/skbutik.com\/en\/wp-json\/wp\/v2\/media?parent=3856"}],"wp:term":[{"taxonomy":"product_brand","embeddable":true,"href":"https:\/\/skbutik.com\/en\/wp-json\/wp\/v2\/product_brand?post=3856"},{"taxonomy":"product_cat","embeddable":true,"href":"https:\/\/skbutik.com\/en\/wp-json\/wp\/v2\/product_cat?post=3856"},{"taxonomy":"product_tag","embeddable":true,"href":"https:\/\/skbutik.com\/en\/wp-json\/wp\/v2\/product_tag?post=3856"}],"curies":[{"name":"wp","href":"https:\/\/api.w.org\/{rel}","templated":true}]}}