{"id":3851,"date":"2025-09-27T18:58:03","date_gmt":"2025-09-27T15:58:03","guid":{"rendered":"https:\/\/skbutik.com\/?post_type=product&#038;p=3851"},"modified":"2026-03-26T17:55:46","modified_gmt":"2026-03-26T14:55:46","slug":"my3120119","status":"publish","type":"product","link":"https:\/\/skbutik.com\/en\/product\/my3120119\/","title":{"rendered":"my312 TREN\u00c7KOT 0119"},"content":{"rendered":"<p>Ceketin ana g\u00f6vdesindeki <b>feminen, delikli\/dantel kuma\u015f<\/b> ve yaka, man\u015fet ile ceplerdeki <b>mat, d\u00fcz siyah kuma\u015f<\/b>\u0131n birle\u015fimi, \u00fcr\u00fcne \u00fc\u00e7 boyutlu ve l\u00fcks bir derinlik kat\u0131yor. Bu kontrast, par\u00e7an\u0131n &#8220;\u00f6zel&#8221; oldu\u011funu g\u00f6steriyor.<\/p>","protected":false},"excerpt":{"rendered":"<p>Ceketin ana g\u00f6vdesindeki feminen, delikli\/dantel kuma\u015f ve yaka, man\u015fet ile ceplerdeki mat, d\u00fcz siyah kuma\u015f\u0131n birle\u015fimi, \u00fcr\u00fcne \u00fc\u00e7 boyutlu ve<\/p>","protected":false},"featured_media":3852,"comment_status":"open","ping_status":"closed","template":"","meta":[],"product_brand":[],"product_cat":[167],"product_tag":[],"class_list":{"0":"post-3851","1":"product","2":"type-product","3":"status-publish","4":"has-post-thumbnail","6":"product_cat-gunluk-siklik","7":"pa_beden-37","8":"pa_beden-38","10":"first","11":"instock","12":"taxable","13":"shipping-taxable","14":"purchasable","15":"product-type-variable"},"_links":{"self":[{"href":"https:\/\/skbutik.com\/en\/wp-json\/wp\/v2\/product\/3851","targetHints":{"allow":["GET"]}}],"collection":[{"href":"https:\/\/skbutik.com\/en\/wp-json\/wp\/v2\/product"}],"about":[{"href":"https:\/\/skbutik.com\/en\/wp-json\/wp\/v2\/types\/product"}],"replies":[{"embeddable":true,"href":"https:\/\/skbutik.com\/en\/wp-json\/wp\/v2\/comments?post=3851"}],"wp:featuredmedia":[{"embeddable":true,"href":"https:\/\/skbutik.com\/en\/wp-json\/wp\/v2\/media\/3852"}],"wp:attachment":[{"href":"https:\/\/skbutik.com\/en\/wp-json\/wp\/v2\/media?parent=3851"}],"wp:term":[{"taxonomy":"product_brand","embeddable":true,"href":"https:\/\/skbutik.com\/en\/wp-json\/wp\/v2\/product_brand?post=3851"},{"taxonomy":"product_cat","embeddable":true,"href":"https:\/\/skbutik.com\/en\/wp-json\/wp\/v2\/product_cat?post=3851"},{"taxonomy":"product_tag","embeddable":true,"href":"https:\/\/skbutik.com\/en\/wp-json\/wp\/v2\/product_tag?post=3851"}],"curies":[{"name":"wp","href":"https:\/\/api.w.org\/{rel}","templated":true}]}}