{"id":3845,"date":"2025-09-27T18:54:26","date_gmt":"2025-09-27T15:54:26","guid":{"rendered":"https:\/\/skbutik.com\/?post_type=product&#038;p=3845"},"modified":"2026-04-13T05:33:19","modified_gmt":"2026-04-13T02:33:19","slug":"my312-7416","status":"publish","type":"product","link":"https:\/\/skbutik.com\/en\/product\/my312-7416\/","title":{"rendered":"my312 TREN\u00c7 7416"},"content":{"rendered":"<ul>\n<li><b>:<\/b> Ceketin ana g\u00f6vdesindeki <b>hafif parlak, zarif dantel veya delikli kuma\u015f<\/b> detay\u0131, onu s\u0131radan bir siyah ceketten ay\u0131r\u0131yor. Bu dokusal zenginlik, kombininize derinlik ve l\u00fcks bir hava kat\u0131yor.<\/li>\n<li><b>Vurgulay\u0131c\u0131 Kemer Detay\u0131:<\/b> Kendinden kuma\u015f <b>ku\u015fak kemer<\/b> sayesinde belinizi incecik g\u00f6stererek <b>feminen sil\u00fcetinizi<\/b> ortaya \u00e7\u0131karabilirsiniz. \u0130ster ba\u011flay\u0131n, ister ceketi a\u00e7\u0131k b\u0131rakarak sala\u015f bir stil yarat\u0131n.<\/li>\n<\/ul>","protected":false},"excerpt":{"rendered":"<p>: Ceketin ana g\u00f6vdesindeki hafif parlak, zarif dantel veya delikli kuma\u015f detay\u0131, onu s\u0131radan bir siyah ceketten ay\u0131r\u0131yor. Bu dokusal<\/p>","protected":false},"featured_media":3846,"comment_status":"open","ping_status":"closed","template":"","meta":[],"product_brand":[],"product_cat":[167],"product_tag":[],"class_list":{"0":"post-3845","1":"product","2":"type-product","3":"status-publish","4":"has-post-thumbnail","6":"product_cat-gunluk-siklik","7":"pa_beden-37","8":"pa_beden-38","9":"pa_beden-39","11":"first","12":"instock","13":"taxable","14":"shipping-taxable","15":"purchasable","16":"product-type-variable"},"_links":{"self":[{"href":"https:\/\/skbutik.com\/en\/wp-json\/wp\/v2\/product\/3845","targetHints":{"allow":["GET"]}}],"collection":[{"href":"https:\/\/skbutik.com\/en\/wp-json\/wp\/v2\/product"}],"about":[{"href":"https:\/\/skbutik.com\/en\/wp-json\/wp\/v2\/types\/product"}],"replies":[{"embeddable":true,"href":"https:\/\/skbutik.com\/en\/wp-json\/wp\/v2\/comments?post=3845"}],"wp:featuredmedia":[{"embeddable":true,"href":"https:\/\/skbutik.com\/en\/wp-json\/wp\/v2\/media\/3846"}],"wp:attachment":[{"href":"https:\/\/skbutik.com\/en\/wp-json\/wp\/v2\/media?parent=3845"}],"wp:term":[{"taxonomy":"product_brand","embeddable":true,"href":"https:\/\/skbutik.com\/en\/wp-json\/wp\/v2\/product_brand?post=3845"},{"taxonomy":"product_cat","embeddable":true,"href":"https:\/\/skbutik.com\/en\/wp-json\/wp\/v2\/product_cat?post=3845"},{"taxonomy":"product_tag","embeddable":true,"href":"https:\/\/skbutik.com\/en\/wp-json\/wp\/v2\/product_tag?post=3845"}],"curies":[{"name":"wp","href":"https:\/\/api.w.org\/{rel}","templated":true}]}}