{"id":3838,"date":"2025-09-27T18:47:45","date_gmt":"2025-09-27T15:47:45","guid":{"rendered":"https:\/\/skbutik.com\/?post_type=product&#038;p=3838"},"modified":"2026-03-26T17:55:26","modified_gmt":"2026-03-26T14:55:26","slug":"my312-siyah9379","status":"publish","type":"product","link":"https:\/\/skbutik.com\/en\/product\/my312-siyah9379\/","title":{"rendered":"my312 TREN\u00c7KOT siyah9379"},"content":{"rendered":"<p>\u0130pli, b\u00fczg\u00fcl\u00fc bel detay\u0131 sayesinde ceketi ister <b>daha rahat ve sportif<\/b> bir g\u00f6r\u00fcn\u00fcmle, ister <b>daha feminen ve v\u00fccuda oturan<\/b> bir sil\u00fcetle kullanabilirsiniz. Tarz\u0131n\u0131za g\u00f6re an\u0131nda \u015fekil de\u011fi\u015ftirme \u00f6zg\u00fcrl\u00fc\u011f\u00fc sunar.<\/p>","protected":false},"excerpt":{"rendered":"<p>\u0130pli, b\u00fczg\u00fcl\u00fc bel detay\u0131 sayesinde ceketi ister daha rahat ve sportif bir g\u00f6r\u00fcn\u00fcmle, ister daha feminen ve v\u00fccuda oturan bir<\/p>","protected":false},"featured_media":3839,"comment_status":"open","ping_status":"closed","template":"","meta":[],"product_brand":[],"product_cat":[167],"product_tag":[],"class_list":{"0":"post-3838","1":"product","2":"type-product","3":"status-publish","4":"has-post-thumbnail","6":"product_cat-gunluk-siklik","7":"pa_beden-37","8":"pa_beden-38","9":"pa_beden-39","11":"first","12":"instock","13":"taxable","14":"shipping-taxable","15":"purchasable","16":"product-type-variable"},"_links":{"self":[{"href":"https:\/\/skbutik.com\/en\/wp-json\/wp\/v2\/product\/3838","targetHints":{"allow":["GET"]}}],"collection":[{"href":"https:\/\/skbutik.com\/en\/wp-json\/wp\/v2\/product"}],"about":[{"href":"https:\/\/skbutik.com\/en\/wp-json\/wp\/v2\/types\/product"}],"replies":[{"embeddable":true,"href":"https:\/\/skbutik.com\/en\/wp-json\/wp\/v2\/comments?post=3838"}],"wp:featuredmedia":[{"embeddable":true,"href":"https:\/\/skbutik.com\/en\/wp-json\/wp\/v2\/media\/3839"}],"wp:attachment":[{"href":"https:\/\/skbutik.com\/en\/wp-json\/wp\/v2\/media?parent=3838"}],"wp:term":[{"taxonomy":"product_brand","embeddable":true,"href":"https:\/\/skbutik.com\/en\/wp-json\/wp\/v2\/product_brand?post=3838"},{"taxonomy":"product_cat","embeddable":true,"href":"https:\/\/skbutik.com\/en\/wp-json\/wp\/v2\/product_cat?post=3838"},{"taxonomy":"product_tag","embeddable":true,"href":"https:\/\/skbutik.com\/en\/wp-json\/wp\/v2\/product_tag?post=3838"}],"curies":[{"name":"wp","href":"https:\/\/api.w.org\/{rel}","templated":true}]}}