{"id":3832,"date":"2025-09-27T18:42:57","date_gmt":"2025-09-27T15:42:57","guid":{"rendered":"https:\/\/skbutik.com\/?post_type=product&#038;p=3832"},"modified":"2026-04-14T06:05:20","modified_gmt":"2026-04-14T03:05:20","slug":"my3127921","status":"publish","type":"product","link":"https:\/\/skbutik.com\/en\/product\/my3127921\/","title":{"rendered":"my312TREN\u00c7KOT 7921"},"content":{"rendered":"<ul>\n<li><b>G\u00f6z Kama\u015ft\u0131ran Ta\u015f \u0130\u015flemeler:<\/b> Ceketin en \u00e7arp\u0131c\u0131 \u00f6zelli\u011fi, sol g\u00f6\u011f\u00fcste ve kol man\u015fetlerinde yer alan <b>b\u00fcy\u00fck ve dikkat \u00e7ekici ta\u015f apliklerdir<\/b>. Bu \u0131\u015f\u0131lt\u0131l\u0131 detaylar, spor kesimli cekete an\u0131nda zengin ve feminen bir hava kat\u0131yor.<\/li>\n<li><b>M\u00fckemmel Kahverengi Tonu:<\/b> Koyu ve doygun kahve rengi, hem siyah hem de bej tonlar\u0131yla m\u00fckemmel uyum sa\u011flar. Ayn\u0131 zamanda sonbahar ve k\u0131\u015f kombinleriniz i\u00e7in s\u0131cak bir alternatif sunar.<\/li>\n<\/ul>","protected":false},"excerpt":{"rendered":"<p>G\u00f6z Kama\u015ft\u0131ran Ta\u015f \u0130\u015flemeler: Ceketin en \u00e7arp\u0131c\u0131 \u00f6zelli\u011fi, sol g\u00f6\u011f\u00fcste ve kol man\u015fetlerinde yer alan b\u00fcy\u00fck ve dikkat \u00e7ekici ta\u015f<\/p>","protected":false},"featured_media":3833,"comment_status":"open","ping_status":"closed","template":"","meta":[],"product_brand":[],"product_cat":[167],"product_tag":[],"class_list":{"0":"post-3832","1":"product","2":"type-product","3":"status-publish","4":"has-post-thumbnail","6":"product_cat-gunluk-siklik","7":"pa_beden-37","8":"pa_beden-38","9":"pa_beden-39","11":"first","12":"instock","13":"taxable","14":"shipping-taxable","15":"purchasable","16":"product-type-variable"},"_links":{"self":[{"href":"https:\/\/skbutik.com\/en\/wp-json\/wp\/v2\/product\/3832","targetHints":{"allow":["GET"]}}],"collection":[{"href":"https:\/\/skbutik.com\/en\/wp-json\/wp\/v2\/product"}],"about":[{"href":"https:\/\/skbutik.com\/en\/wp-json\/wp\/v2\/types\/product"}],"replies":[{"embeddable":true,"href":"https:\/\/skbutik.com\/en\/wp-json\/wp\/v2\/comments?post=3832"}],"wp:featuredmedia":[{"embeddable":true,"href":"https:\/\/skbutik.com\/en\/wp-json\/wp\/v2\/media\/3833"}],"wp:attachment":[{"href":"https:\/\/skbutik.com\/en\/wp-json\/wp\/v2\/media?parent=3832"}],"wp:term":[{"taxonomy":"product_brand","embeddable":true,"href":"https:\/\/skbutik.com\/en\/wp-json\/wp\/v2\/product_brand?post=3832"},{"taxonomy":"product_cat","embeddable":true,"href":"https:\/\/skbutik.com\/en\/wp-json\/wp\/v2\/product_cat?post=3832"},{"taxonomy":"product_tag","embeddable":true,"href":"https:\/\/skbutik.com\/en\/wp-json\/wp\/v2\/product_tag?post=3832"}],"curies":[{"name":"wp","href":"https:\/\/api.w.org\/{rel}","templated":true}]}}