{"id":3826,"date":"2025-09-27T18:32:30","date_gmt":"2025-09-27T15:32:30","guid":{"rendered":"https:\/\/skbutik.com\/?post_type=product&#038;p=3826"},"modified":"2026-04-14T06:03:37","modified_gmt":"2026-04-14T03:03:37","slug":"my3120133","status":"publish","type":"product","link":"https:\/\/skbutik.com\/en\/product\/my3120133\/","title":{"rendered":"my312 G\u00d6MLEK 0133"},"content":{"rendered":"<ul>\n<li><b>\u0130ddial\u0131 Yaka Detay\u0131:<\/b> Boynu zarif\u00e7e saran, vol\u00fcml\u00fc ve katmanl\u0131 <b>f\u0131rf\u0131rl\u0131 yaka<\/b>, bak\u0131\u015flar\u0131 hemen \u00fczerinize \u00e7eker ve an\u0131nda l\u00fcks bir hava yarat\u0131r.<\/li>\n<li><b>G\u00fcp\u00fcr\u00fcn Asaleti:<\/b> G\u00f6mle\u011fin orta k\u0131sm\u0131n\u0131 saran <b>kabar\u0131k g\u00fcp\u00fcr\/dantel yelek g\u00f6r\u00fcn\u00fcm\u00fc<\/b>, klasik kuma\u015fla m\u00fckemmel bir doku kontrast\u0131 olu\u015fturarak tasar\u0131ma derinlik ve romantizm kat\u0131yor.<\/li>\n<\/ul>","protected":false},"excerpt":{"rendered":"<p>\u0130ddial\u0131 Yaka Detay\u0131: Boynu zarif\u00e7e saran, vol\u00fcml\u00fc ve katmanl\u0131 f\u0131rf\u0131rl\u0131 yaka, bak\u0131\u015flar\u0131 hemen \u00fczerinize \u00e7eker ve an\u0131nda l\u00fcks bir hava<\/p>","protected":false},"featured_media":3827,"comment_status":"open","ping_status":"closed","template":"","meta":[],"product_brand":[],"product_cat":[167],"product_tag":[],"class_list":{"0":"post-3826","1":"product","2":"type-product","3":"status-publish","4":"has-post-thumbnail","6":"product_cat-gunluk-siklik","7":"pa_beden-37","8":"pa_beden-38","9":"pa_beden-39","11":"first","12":"instock","13":"sale","14":"taxable","15":"shipping-taxable","16":"purchasable","17":"product-type-variable"},"_links":{"self":[{"href":"https:\/\/skbutik.com\/en\/wp-json\/wp\/v2\/product\/3826","targetHints":{"allow":["GET"]}}],"collection":[{"href":"https:\/\/skbutik.com\/en\/wp-json\/wp\/v2\/product"}],"about":[{"href":"https:\/\/skbutik.com\/en\/wp-json\/wp\/v2\/types\/product"}],"replies":[{"embeddable":true,"href":"https:\/\/skbutik.com\/en\/wp-json\/wp\/v2\/comments?post=3826"}],"wp:featuredmedia":[{"embeddable":true,"href":"https:\/\/skbutik.com\/en\/wp-json\/wp\/v2\/media\/3827"}],"wp:attachment":[{"href":"https:\/\/skbutik.com\/en\/wp-json\/wp\/v2\/media?parent=3826"}],"wp:term":[{"taxonomy":"product_brand","embeddable":true,"href":"https:\/\/skbutik.com\/en\/wp-json\/wp\/v2\/product_brand?post=3826"},{"taxonomy":"product_cat","embeddable":true,"href":"https:\/\/skbutik.com\/en\/wp-json\/wp\/v2\/product_cat?post=3826"},{"taxonomy":"product_tag","embeddable":true,"href":"https:\/\/skbutik.com\/en\/wp-json\/wp\/v2\/product_tag?post=3826"}],"curies":[{"name":"wp","href":"https:\/\/api.w.org\/{rel}","templated":true}]}}