{"id":3820,"date":"2025-09-27T18:22:22","date_gmt":"2025-09-27T15:22:22","guid":{"rendered":"https:\/\/skbutik.com\/?post_type=product&#038;p=3820"},"modified":"2026-04-14T05:47:52","modified_gmt":"2026-04-14T02:47:52","slug":"guess","status":"publish","type":"product","link":"https:\/\/skbutik.com\/en\/product\/guess\/","title":{"rendered":"GUESS TREN\u00c7KOT"},"content":{"rendered":"<ul>\n<li>Sol omuz k\u0131sm\u0131nda yer alan <b>\u00f6zel ta\u015f\/payet i\u015flemeli aplik<\/b> detay\u0131, ceketin sert askeri havas\u0131n\u0131 an\u0131nda l\u00fcks ve feminen bir \u015f\u0131kl\u0131\u011fa d\u00f6n\u00fc\u015ft\u00fcr\u00fcyor. G\u00fcnd\u00fczden geceye, s\u0131radan bir kombini bile an\u0131nda y\u00fckseltir.<\/li>\n<li><b>M\u00fckemmel Uyum:<\/b> Pop\u00fcler <b>haki\/asker ye\u015fili<\/b> rengi, siyah, beyaz, kot gibi temel par\u00e7alar\u0131n\u0131zla zahmetsizce uyum sa\u011flar. Ayn\u0131 zamanda canl\u0131 renklerle de \u00e7arp\u0131c\u0131 kontrastlar olu\u015fturabilirsiniz.<\/li>\n<\/ul>","protected":false},"excerpt":{"rendered":"<p>Sol omuz k\u0131sm\u0131nda yer alan \u00f6zel ta\u015f\/payet i\u015flemeli aplik detay\u0131, ceketin sert askeri havas\u0131n\u0131 an\u0131nda l\u00fcks ve feminen bir \u015f\u0131kl\u0131\u011fa<\/p>","protected":false},"featured_media":3821,"comment_status":"open","ping_status":"closed","template":"","meta":[],"product_brand":[],"product_cat":[167],"product_tag":[],"class_list":{"0":"post-3820","1":"product","2":"type-product","3":"status-publish","4":"has-post-thumbnail","6":"product_cat-gunluk-siklik","7":"pa_beden-29","8":"pa_beden-30","9":"pa_beden-31","11":"first","12":"instock","13":"taxable","14":"shipping-taxable","15":"purchasable","16":"product-type-variable"},"_links":{"self":[{"href":"https:\/\/skbutik.com\/en\/wp-json\/wp\/v2\/product\/3820","targetHints":{"allow":["GET"]}}],"collection":[{"href":"https:\/\/skbutik.com\/en\/wp-json\/wp\/v2\/product"}],"about":[{"href":"https:\/\/skbutik.com\/en\/wp-json\/wp\/v2\/types\/product"}],"replies":[{"embeddable":true,"href":"https:\/\/skbutik.com\/en\/wp-json\/wp\/v2\/comments?post=3820"}],"wp:featuredmedia":[{"embeddable":true,"href":"https:\/\/skbutik.com\/en\/wp-json\/wp\/v2\/media\/3821"}],"wp:attachment":[{"href":"https:\/\/skbutik.com\/en\/wp-json\/wp\/v2\/media?parent=3820"}],"wp:term":[{"taxonomy":"product_brand","embeddable":true,"href":"https:\/\/skbutik.com\/en\/wp-json\/wp\/v2\/product_brand?post=3820"},{"taxonomy":"product_cat","embeddable":true,"href":"https:\/\/skbutik.com\/en\/wp-json\/wp\/v2\/product_cat?post=3820"},{"taxonomy":"product_tag","embeddable":true,"href":"https:\/\/skbutik.com\/en\/wp-json\/wp\/v2\/product_tag?post=3820"}],"curies":[{"name":"wp","href":"https:\/\/api.w.org\/{rel}","templated":true}]}}