{"id":3813,"date":"2025-09-27T18:16:24","date_gmt":"2025-09-27T15:16:24","guid":{"rendered":"https:\/\/skbutik.com\/?post_type=product&#038;p=3813"},"modified":"2026-04-14T05:46:47","modified_gmt":"2026-04-14T02:46:47","slug":"fuat-gursen4610","status":"publish","type":"product","link":"https:\/\/skbutik.com\/en\/product\/fuat-gursen4610\/","title":{"rendered":"fuat g\u00fcr\u015fen4610"},"content":{"rendered":"<ul>\n<li>\u00dcr\u00fcn\u00fcn en dikkat \u00e7ekici \u00f6zelli\u011fi, \u00f6n y\u00fcz\u00fcnde ba\u015ftan a\u015fa\u011f\u0131 uzanan, zarif <b>f\u0131rf\u0131r detayl\u0131 fermuar\u0131<\/b> ve simetrik olarak yerle\u015ftirilmi\u015f <b>kabartmal\u0131 \u00e7i\u00e7ek aplikleridir<\/b>. Bu el i\u015f\u00e7ili\u011fi hissiyat\u0131 veren detaylar, tasar\u0131ma derinlik ve sofistike bir hava kat\u0131yor.<\/li>\n<li><b>\u00c7ok Y\u00f6nl\u00fc Kullan\u0131m:<\/b> \u0130ster bir ceket gibi a\u00e7\u0131k ister bir tunik olarak kapal\u0131 kullan\u0131n; kuma\u015f\u0131n\u0131n hafifli\u011fi ve uzun kesimi, hem pantolonlarla hem de eteklerle m\u00fckemmel uyum sa\u011flar. \u00d6zel davetlerden \u015f\u0131k ofis ortamlar\u0131na kadar her yerde rahatl\u0131kla tercih edebilirsiniz.<\/li>\n<\/ul>","protected":false},"excerpt":{"rendered":"<p>\u00dcr\u00fcn\u00fcn en dikkat \u00e7ekici \u00f6zelli\u011fi, \u00f6n y\u00fcz\u00fcnde ba\u015ftan a\u015fa\u011f\u0131 uzanan, zarif f\u0131rf\u0131r detayl\u0131 fermuar\u0131 ve simetrik olarak yerle\u015ftirilmi\u015f kabartmal\u0131 \u00e7i\u00e7ek<\/p>","protected":false},"featured_media":3814,"comment_status":"open","ping_status":"closed","template":"","meta":[],"product_brand":[],"product_cat":[167],"product_tag":[],"class_list":{"0":"post-3813","1":"product","2":"type-product","3":"status-publish","4":"has-post-thumbnail","6":"product_cat-gunluk-siklik","7":"pa_beden-37","8":"pa_beden-38","9":"pa_beden-39","11":"first","12":"instock","13":"taxable","14":"shipping-taxable","15":"purchasable","16":"product-type-variable"},"_links":{"self":[{"href":"https:\/\/skbutik.com\/en\/wp-json\/wp\/v2\/product\/3813","targetHints":{"allow":["GET"]}}],"collection":[{"href":"https:\/\/skbutik.com\/en\/wp-json\/wp\/v2\/product"}],"about":[{"href":"https:\/\/skbutik.com\/en\/wp-json\/wp\/v2\/types\/product"}],"replies":[{"embeddable":true,"href":"https:\/\/skbutik.com\/en\/wp-json\/wp\/v2\/comments?post=3813"}],"wp:featuredmedia":[{"embeddable":true,"href":"https:\/\/skbutik.com\/en\/wp-json\/wp\/v2\/media\/3814"}],"wp:attachment":[{"href":"https:\/\/skbutik.com\/en\/wp-json\/wp\/v2\/media?parent=3813"}],"wp:term":[{"taxonomy":"product_brand","embeddable":true,"href":"https:\/\/skbutik.com\/en\/wp-json\/wp\/v2\/product_brand?post=3813"},{"taxonomy":"product_cat","embeddable":true,"href":"https:\/\/skbutik.com\/en\/wp-json\/wp\/v2\/product_cat?post=3813"},{"taxonomy":"product_tag","embeddable":true,"href":"https:\/\/skbutik.com\/en\/wp-json\/wp\/v2\/product_tag?post=3813"}],"curies":[{"name":"wp","href":"https:\/\/api.w.org\/{rel}","templated":true}]}}