{"id":3795,"date":"2025-09-26T15:08:04","date_gmt":"2025-09-26T12:08:04","guid":{"rendered":"https:\/\/skbutik.com\/?post_type=product&#038;p=3795"},"modified":"2026-03-26T18:09:01","modified_gmt":"2026-03-26T15:09:01","slug":"valentino","status":"publish","type":"product","link":"https:\/\/skbutik.com\/en\/product\/valentino\/","title":{"rendered":"valentino"},"content":{"rendered":"<h2>L\u00fcks ve Yumu\u015fakl\u0131k Bir Arada: Valentino Kahverengi Kapitone \u00c7anta<\/h2>\n<p>&nbsp;<\/p>\n<p>\u015e\u0131kl\u0131\u011f\u0131 ve konforu birle\u015ftiren bu <b>Valentino kahverengi (bordo\/maun)<\/b> tonlar\u0131ndaki \u00e7anta, koleksiyonunuzun en g\u00f6zde par\u00e7as\u0131 olmaya aday. Yumu\u015fak yap\u0131s\u0131, zengin rengi ve g\u00f6z al\u0131c\u0131 detaylar\u0131yla stilinize an\u0131nda l\u00fcks bir dokunu\u015f kat\u0131n.<\/p>","protected":false},"excerpt":{"rendered":"<p>L\u00fcks ve Yumu\u015fakl\u0131k Bir Arada: Valentino Kahverengi Kapitone \u00c7anta &nbsp; \u015e\u0131kl\u0131\u011f\u0131 ve konforu birle\u015ftiren bu Valentino kahverengi (bordo\/maun) tonlar\u0131ndaki \u00e7anta,<\/p>","protected":false},"featured_media":3796,"comment_status":"open","ping_status":"closed","template":"","meta":[],"product_brand":[],"product_cat":[195],"product_tag":[],"class_list":{"0":"post-3795","1":"product","2":"type-product","3":"status-publish","4":"has-post-thumbnail","6":"product_cat-canta","8":"first","9":"outofstock","10":"sale","11":"taxable","12":"shipping-taxable","13":"purchasable","14":"product-type-simple"},"_links":{"self":[{"href":"https:\/\/skbutik.com\/en\/wp-json\/wp\/v2\/product\/3795","targetHints":{"allow":["GET"]}}],"collection":[{"href":"https:\/\/skbutik.com\/en\/wp-json\/wp\/v2\/product"}],"about":[{"href":"https:\/\/skbutik.com\/en\/wp-json\/wp\/v2\/types\/product"}],"replies":[{"embeddable":true,"href":"https:\/\/skbutik.com\/en\/wp-json\/wp\/v2\/comments?post=3795"}],"wp:featuredmedia":[{"embeddable":true,"href":"https:\/\/skbutik.com\/en\/wp-json\/wp\/v2\/media\/3796"}],"wp:attachment":[{"href":"https:\/\/skbutik.com\/en\/wp-json\/wp\/v2\/media?parent=3795"}],"wp:term":[{"taxonomy":"product_brand","embeddable":true,"href":"https:\/\/skbutik.com\/en\/wp-json\/wp\/v2\/product_brand?post=3795"},{"taxonomy":"product_cat","embeddable":true,"href":"https:\/\/skbutik.com\/en\/wp-json\/wp\/v2\/product_cat?post=3795"},{"taxonomy":"product_tag","embeddable":true,"href":"https:\/\/skbutik.com\/en\/wp-json\/wp\/v2\/product_tag?post=3795"}],"curies":[{"name":"wp","href":"https:\/\/api.w.org\/{rel}","templated":true}]}}