{"id":3793,"date":"2025-09-26T14:56:51","date_gmt":"2025-09-26T11:56:51","guid":{"rendered":"https:\/\/skbutik.com\/?post_type=product&#038;p=3793"},"modified":"2026-03-24T16:59:34","modified_gmt":"2026-03-24T13:59:34","slug":"michael-kors-kahve","status":"publish","type":"product","link":"https:\/\/skbutik.com\/en\/product\/michael-kors-kahve\/","title":{"rendered":"michael kors kahve"},"content":{"rendered":"<p><b>G\u00f6z kama\u015ft\u0131r\u0131c\u0131 ve pratik<\/b> l\u00fcks\u00fcn m\u00fckemmel birle\u015fimi olan bu <b>Michael Kors Signature desenli tote \u00e7anta<\/b> ile tan\u0131\u015f\u0131n. Klasik &#8220;MK&#8221; monogram deseni ve zengin taba (camel) rengi deri detaylar\u0131 bir araya getirerek, her kombininize sofistike bir hava kat\u0131yor.<\/p>","protected":false},"excerpt":{"rendered":"<p>G\u00f6z kama\u015ft\u0131r\u0131c\u0131 ve pratik l\u00fcks\u00fcn m\u00fckemmel birle\u015fimi olan bu Michael Kors Signature desenli tote \u00e7anta ile tan\u0131\u015f\u0131n. Klasik &#8220;MK&#8221; monogram<\/p>","protected":false},"featured_media":3794,"comment_status":"open","ping_status":"closed","template":"","meta":[],"product_brand":[],"product_cat":[195],"product_tag":[],"class_list":{"0":"post-3793","1":"product","2":"type-product","3":"status-publish","4":"has-post-thumbnail","6":"product_cat-canta","8":"first","9":"instock","10":"sale","11":"taxable","12":"shipping-taxable","13":"purchasable","14":"product-type-simple"},"_links":{"self":[{"href":"https:\/\/skbutik.com\/en\/wp-json\/wp\/v2\/product\/3793","targetHints":{"allow":["GET"]}}],"collection":[{"href":"https:\/\/skbutik.com\/en\/wp-json\/wp\/v2\/product"}],"about":[{"href":"https:\/\/skbutik.com\/en\/wp-json\/wp\/v2\/types\/product"}],"replies":[{"embeddable":true,"href":"https:\/\/skbutik.com\/en\/wp-json\/wp\/v2\/comments?post=3793"}],"wp:featuredmedia":[{"embeddable":true,"href":"https:\/\/skbutik.com\/en\/wp-json\/wp\/v2\/media\/3794"}],"wp:attachment":[{"href":"https:\/\/skbutik.com\/en\/wp-json\/wp\/v2\/media?parent=3793"}],"wp:term":[{"taxonomy":"product_brand","embeddable":true,"href":"https:\/\/skbutik.com\/en\/wp-json\/wp\/v2\/product_brand?post=3793"},{"taxonomy":"product_cat","embeddable":true,"href":"https:\/\/skbutik.com\/en\/wp-json\/wp\/v2\/product_cat?post=3793"},{"taxonomy":"product_tag","embeddable":true,"href":"https:\/\/skbutik.com\/en\/wp-json\/wp\/v2\/product_tag?post=3793"}],"curies":[{"name":"wp","href":"https:\/\/api.w.org\/{rel}","templated":true}]}}