{"id":3792,"date":"2025-09-26T14:52:36","date_gmt":"2025-09-26T11:52:36","guid":{"rendered":"https:\/\/skbutik.com\/?post_type=product&#038;p=3792"},"modified":"2026-04-14T06:02:14","modified_gmt":"2026-04-14T03:02:14","slug":"michael-kors-siyah","status":"publish","type":"product","link":"https:\/\/skbutik.com\/en\/product\/michael-kors-siyah\/","title":{"rendered":"michael kors siyah"},"content":{"rendered":"<p>Arad\u0131\u011f\u0131n\u0131z o <b>m\u00fckemmel g\u00fcnl\u00fck \u00e7anta<\/b> kar\u015f\u0131n\u0131zda. Klasikle\u015fmi\u015f zarafeti modern detaylarla bulu\u015fturan bu <b>Michael Kors siyah tote \u00e7anta<\/b>, stilinizi bir \u00fcst seviyeye ta\u015f\u0131mak i\u00e7in tasarland\u0131.<\/p>","protected":false},"excerpt":{"rendered":"<p>Arad\u0131\u011f\u0131n\u0131z o m\u00fckemmel g\u00fcnl\u00fck \u00e7anta kar\u015f\u0131n\u0131zda. Klasikle\u015fmi\u015f zarafeti modern detaylarla bulu\u015fturan bu Michael Kors siyah tote \u00e7anta, stilinizi bir \u00fcst<\/p>","protected":false},"featured_media":3790,"comment_status":"open","ping_status":"closed","template":"","meta":[],"product_brand":[],"product_cat":[195],"product_tag":[],"class_list":{"0":"post-3792","1":"product","2":"type-product","3":"status-publish","4":"has-post-thumbnail","6":"product_cat-canta","8":"first","9":"instock","10":"sale","11":"taxable","12":"shipping-taxable","13":"purchasable","14":"product-type-simple"},"_links":{"self":[{"href":"https:\/\/skbutik.com\/en\/wp-json\/wp\/v2\/product\/3792","targetHints":{"allow":["GET"]}}],"collection":[{"href":"https:\/\/skbutik.com\/en\/wp-json\/wp\/v2\/product"}],"about":[{"href":"https:\/\/skbutik.com\/en\/wp-json\/wp\/v2\/types\/product"}],"replies":[{"embeddable":true,"href":"https:\/\/skbutik.com\/en\/wp-json\/wp\/v2\/comments?post=3792"}],"wp:featuredmedia":[{"embeddable":true,"href":"https:\/\/skbutik.com\/en\/wp-json\/wp\/v2\/media\/3790"}],"wp:attachment":[{"href":"https:\/\/skbutik.com\/en\/wp-json\/wp\/v2\/media?parent=3792"}],"wp:term":[{"taxonomy":"product_brand","embeddable":true,"href":"https:\/\/skbutik.com\/en\/wp-json\/wp\/v2\/product_brand?post=3792"},{"taxonomy":"product_cat","embeddable":true,"href":"https:\/\/skbutik.com\/en\/wp-json\/wp\/v2\/product_cat?post=3792"},{"taxonomy":"product_tag","embeddable":true,"href":"https:\/\/skbutik.com\/en\/wp-json\/wp\/v2\/product_tag?post=3792"}],"curies":[{"name":"wp","href":"https:\/\/api.w.org\/{rel}","templated":true}]}}