{"id":3776,"date":"2025-09-24T16:34:09","date_gmt":"2025-09-24T13:34:09","guid":{"rendered":"https:\/\/skbutik.com\/?post_type=product&#038;p=3776"},"modified":"2026-04-14T06:04:20","modified_gmt":"2026-04-14T03:04:20","slug":"my3121545","status":"publish","type":"product","link":"https:\/\/skbutik.com\/en\/product\/my3121545\/","title":{"rendered":"my312 ETEKL\u0130 TAKIM 1545"},"content":{"rendered":"<p><b>Siyah\u0131n asil duru\u015funu<\/b> yenilik\u00e7i bir tasar\u0131mla bulu\u015fturan bu tak\u0131m, sofistike ve \u00e7a\u011fda\u015f bir tarz sunuyor. \u00dcst k\u0131sm\u0131ndaki <b>katmanl\u0131 ve d\u00f6k\u00fcml\u00fc kesim<\/b>, hem hareket \u00f6zg\u00fcrl\u00fc\u011f\u00fc sa\u011fl\u0131yor hem de modern bir siluet olu\u015fturuyor. Bu \u00f6zel tasar\u0131m, geleneksel \u00e7izgilerin d\u0131\u015f\u0131na \u00e7\u0131karak \u00f6zg\u00fcn bir stil vadediyor.<\/p>\n<p>Tak\u0131m\u0131n kuma\u015f\u0131, <b>l\u00fcks bir his<\/b> verirken, g\u00fcn boyu s\u00fcren konforu da beraberinde getiriyor. \u0130ster \u00f6zel bir davette g\u00f6z al\u0131c\u0131 olmak isteyin, ister \u015f\u0131k bir ak\u015fam yeme\u011finde zarafetinizi sergileyin; bu tak\u0131m, her ortamda dikkatleri \u00fczerinize \u00e7ekecek. <b>Zamans\u0131z \u015f\u0131kl\u0131\u011f\u0131<\/b> ve <b>benzersiz tasar\u0131m\u0131<\/b> ile gard\u0131robunuzun en \u00e7arp\u0131c\u0131 par\u00e7alar\u0131ndan biri olmaya aday.<\/p>","protected":false},"excerpt":{"rendered":"<p>Siyah\u0131n asil duru\u015funu yenilik\u00e7i bir tasar\u0131mla bulu\u015fturan bu tak\u0131m, sofistike ve \u00e7a\u011fda\u015f bir tarz sunuyor. \u00dcst k\u0131sm\u0131ndaki katmanl\u0131 ve d\u00f6k\u00fcml\u00fc<\/p>","protected":false},"featured_media":3777,"comment_status":"open","ping_status":"closed","template":"","meta":[],"product_brand":[],"product_cat":[167],"product_tag":[],"class_list":{"0":"post-3776","1":"product","2":"type-product","3":"status-publish","4":"has-post-thumbnail","6":"product_cat-gunluk-siklik","7":"pa_beden-37","8":"pa_beden-38","10":"first","11":"outofstock","12":"taxable","13":"shipping-taxable","14":"purchasable","15":"product-type-variable"},"_links":{"self":[{"href":"https:\/\/skbutik.com\/en\/wp-json\/wp\/v2\/product\/3776","targetHints":{"allow":["GET"]}}],"collection":[{"href":"https:\/\/skbutik.com\/en\/wp-json\/wp\/v2\/product"}],"about":[{"href":"https:\/\/skbutik.com\/en\/wp-json\/wp\/v2\/types\/product"}],"replies":[{"embeddable":true,"href":"https:\/\/skbutik.com\/en\/wp-json\/wp\/v2\/comments?post=3776"}],"wp:featuredmedia":[{"embeddable":true,"href":"https:\/\/skbutik.com\/en\/wp-json\/wp\/v2\/media\/3777"}],"wp:attachment":[{"href":"https:\/\/skbutik.com\/en\/wp-json\/wp\/v2\/media?parent=3776"}],"wp:term":[{"taxonomy":"product_brand","embeddable":true,"href":"https:\/\/skbutik.com\/en\/wp-json\/wp\/v2\/product_brand?post=3776"},{"taxonomy":"product_cat","embeddable":true,"href":"https:\/\/skbutik.com\/en\/wp-json\/wp\/v2\/product_cat?post=3776"},{"taxonomy":"product_tag","embeddable":true,"href":"https:\/\/skbutik.com\/en\/wp-json\/wp\/v2\/product_tag?post=3776"}],"curies":[{"name":"wp","href":"https:\/\/api.w.org\/{rel}","templated":true}]}}