{"id":3772,"date":"2025-09-24T16:28:44","date_gmt":"2025-09-24T13:28:44","guid":{"rendered":"https:\/\/skbutik.com\/?post_type=product&#038;p=3772"},"modified":"2026-04-13T05:36:22","modified_gmt":"2026-04-13T02:36:22","slug":"my312518","status":"publish","type":"product","link":"https:\/\/skbutik.com\/en\/product\/my312518\/","title":{"rendered":"my312 ETEKL\u0130 TAKIM 518"},"content":{"rendered":"<p>Bu tak\u0131m, g\u00fcndelik \u015f\u0131kl\u0131\u011f\u0131n\u0131z\u0131 bir \u00fcst seviyeye ta\u015f\u0131yacak zarif bir se\u00e7enek sunuyor. Siyah\u0131n zamans\u0131z asilli\u011fi, ceket k\u0131sm\u0131ndaki parlak ve detayl\u0131 i\u015flemelerle birle\u015ferek \u00fcr\u00fcne modern bir hava kat\u0131yor. Hem \u00fcst hem de etek k\u0131sm\u0131nda kullan\u0131lan d\u00f6k\u00fcml\u00fc kuma\u015f, g\u00fcn boyu rahat bir kullan\u0131m sa\u011flarken, \u015f\u0131k duru\u015fuyla da g\u00f6z dolduruyor.<\/p>\n<p>Bu tak\u0131m\u0131, \u015f\u0131k bir ak\u015fam yeme\u011finde veya \u00f6zel bir davette giyebilir ya da daha rahat bir stil i\u00e7in spor ayakkab\u0131larla kombinleyerek g\u00fcnl\u00fck hayat\u0131n\u0131za adapte edebilirsiniz. Kendinizi hem rahat hem de son derece zarif hissedece\u011finiz bu tak\u0131mla gard\u0131robunuza \u00e7ok y\u00f6nl\u00fc bir par\u00e7a ekleyebilirsiniz.<\/p>","protected":false},"excerpt":{"rendered":"<p>Bu tak\u0131m, g\u00fcndelik \u015f\u0131kl\u0131\u011f\u0131n\u0131z\u0131 bir \u00fcst seviyeye ta\u015f\u0131yacak zarif bir se\u00e7enek sunuyor. Siyah\u0131n zamans\u0131z asilli\u011fi, ceket k\u0131sm\u0131ndaki parlak ve detayl\u0131<\/p>","protected":false},"featured_media":3773,"comment_status":"open","ping_status":"closed","template":"","meta":[],"product_brand":[],"product_cat":[167],"product_tag":[],"class_list":{"0":"post-3772","1":"product","2":"type-product","3":"status-publish","4":"has-post-thumbnail","6":"product_cat-gunluk-siklik","7":"pa_beden-37","8":"pa_beden-38","10":"first","11":"instock","12":"taxable","13":"shipping-taxable","14":"purchasable","15":"product-type-variable"},"_links":{"self":[{"href":"https:\/\/skbutik.com\/en\/wp-json\/wp\/v2\/product\/3772","targetHints":{"allow":["GET"]}}],"collection":[{"href":"https:\/\/skbutik.com\/en\/wp-json\/wp\/v2\/product"}],"about":[{"href":"https:\/\/skbutik.com\/en\/wp-json\/wp\/v2\/types\/product"}],"replies":[{"embeddable":true,"href":"https:\/\/skbutik.com\/en\/wp-json\/wp\/v2\/comments?post=3772"}],"wp:featuredmedia":[{"embeddable":true,"href":"https:\/\/skbutik.com\/en\/wp-json\/wp\/v2\/media\/3773"}],"wp:attachment":[{"href":"https:\/\/skbutik.com\/en\/wp-json\/wp\/v2\/media?parent=3772"}],"wp:term":[{"taxonomy":"product_brand","embeddable":true,"href":"https:\/\/skbutik.com\/en\/wp-json\/wp\/v2\/product_brand?post=3772"},{"taxonomy":"product_cat","embeddable":true,"href":"https:\/\/skbutik.com\/en\/wp-json\/wp\/v2\/product_cat?post=3772"},{"taxonomy":"product_tag","embeddable":true,"href":"https:\/\/skbutik.com\/en\/wp-json\/wp\/v2\/product_tag?post=3772"}],"curies":[{"name":"wp","href":"https:\/\/api.w.org\/{rel}","templated":true}]}}