{"id":3768,"date":"2025-09-24T16:21:24","date_gmt":"2025-09-24T13:21:24","guid":{"rendered":"https:\/\/skbutik.com\/?post_type=product&#038;p=3768"},"modified":"2026-04-14T06:05:00","modified_gmt":"2026-04-14T03:05:00","slug":"my312502","status":"publish","type":"product","link":"https:\/\/skbutik.com\/en\/product\/my312502\/","title":{"rendered":"my312 ETEKL\u0130 TAKIM 502"},"content":{"rendered":"<p>Bu tak\u0131m\u0131n kuma\u015f\u0131, hafif ve d\u00f6k\u00fcml\u00fc yap\u0131s\u0131yla g\u00fcn boyu rahatl\u0131k sunarken, parlak ve \u015f\u0131k duru\u015fuyla da g\u00f6z dolduruyor. \u00dczerindeki i\u015flemeler, tak\u0131m\u0131n ana rengi olan bejle m\u00fckemmel bir uyum sa\u011flayarak \u00fcr\u00fcne sofistike bir dokunu\u015f kat\u0131yor. Bu detayl\u0131 i\u015f\u00e7ilik, \u00fcr\u00fcn\u00fcn kalitesini ve \u00f6zg\u00fcn tasar\u0131m\u0131n\u0131 \u00f6ne \u00e7\u0131kar\u0131yor. \u00fcr\u00fcn\u00fcn giyilmi\u015f\u00a0 Hali sayfam\u0131zda mevcuttur<\/p>","protected":false},"excerpt":{"rendered":"<p>Bu tak\u0131m\u0131n kuma\u015f\u0131, hafif ve d\u00f6k\u00fcml\u00fc yap\u0131s\u0131yla g\u00fcn boyu rahatl\u0131k sunarken, parlak ve \u015f\u0131k duru\u015fuyla da g\u00f6z dolduruyor. \u00dczerindeki i\u015flemeler,<\/p>","protected":false},"featured_media":3769,"comment_status":"open","ping_status":"closed","template":"","meta":[],"product_brand":[],"product_cat":[167],"product_tag":[],"class_list":{"0":"post-3768","1":"product","2":"type-product","3":"status-publish","4":"has-post-thumbnail","6":"product_cat-gunluk-siklik","7":"pa_beden-37","8":"pa_beden-38","10":"first","11":"instock","12":"taxable","13":"shipping-taxable","14":"purchasable","15":"product-type-variable"},"_links":{"self":[{"href":"https:\/\/skbutik.com\/en\/wp-json\/wp\/v2\/product\/3768","targetHints":{"allow":["GET"]}}],"collection":[{"href":"https:\/\/skbutik.com\/en\/wp-json\/wp\/v2\/product"}],"about":[{"href":"https:\/\/skbutik.com\/en\/wp-json\/wp\/v2\/types\/product"}],"replies":[{"embeddable":true,"href":"https:\/\/skbutik.com\/en\/wp-json\/wp\/v2\/comments?post=3768"}],"wp:featuredmedia":[{"embeddable":true,"href":"https:\/\/skbutik.com\/en\/wp-json\/wp\/v2\/media\/3769"}],"wp:attachment":[{"href":"https:\/\/skbutik.com\/en\/wp-json\/wp\/v2\/media?parent=3768"}],"wp:term":[{"taxonomy":"product_brand","embeddable":true,"href":"https:\/\/skbutik.com\/en\/wp-json\/wp\/v2\/product_brand?post=3768"},{"taxonomy":"product_cat","embeddable":true,"href":"https:\/\/skbutik.com\/en\/wp-json\/wp\/v2\/product_cat?post=3768"},{"taxonomy":"product_tag","embeddable":true,"href":"https:\/\/skbutik.com\/en\/wp-json\/wp\/v2\/product_tag?post=3768"}],"curies":[{"name":"wp","href":"https:\/\/api.w.org\/{rel}","templated":true}]}}