{"id":3655,"date":"2025-09-01T18:25:31","date_gmt":"2025-09-01T15:25:31","guid":{"rendered":"https:\/\/skbutik.com\/?post_type=product&#038;p=3655"},"modified":"2026-04-13T05:38:18","modified_gmt":"2026-04-13T02:38:18","slug":"nilmark-salas-gomlek","status":"publish","type":"product","link":"https:\/\/skbutik.com\/en\/product\/nilmark-salas-gomlek\/","title":{"rendered":"N\u0130LMARK \u015eALA\u015e G\u00d6MLEK"},"content":{"rendered":"<p>N\u0130LMARK\u00a0 \u015eALA\u015e G\u00d6MLEG\u0130M\u0130Z TARZINIZA\u00a0 \u00a0TARZ VE FARK YARATMAK \u0130STEYEN HANIMLARIMIZIN \u0130\u00c7\u0130N \u00d6ZEL PAR\u00c7ALARDAN B\u0130R\u0130D\u0130R.<\/p>","protected":false},"excerpt":{"rendered":"<p>N\u0130LMARK\u00a0 \u015eALA\u015e G\u00d6MLEG\u0130M\u0130Z TARZINIZA\u00a0 \u00a0TARZ VE FARK YARATMAK \u0130STEYEN HANIMLARIMIZIN \u0130\u00c7\u0130N \u00d6ZEL PAR\u00c7ALARDAN B\u0130R\u0130D\u0130R.<\/p>","protected":false},"featured_media":3656,"comment_status":"open","ping_status":"closed","template":"","meta":[],"product_brand":[],"product_cat":[167],"product_tag":[],"class_list":{"0":"post-3655","1":"product","2":"type-product","3":"status-publish","4":"has-post-thumbnail","6":"product_cat-gunluk-siklik","7":"pa_beden-l","8":"pa_beden-m","9":"pa_beden-s","10":"pa_beden-xl","12":"first","13":"instock","14":"taxable","15":"shipping-taxable","16":"purchasable","17":"product-type-variable"},"_links":{"self":[{"href":"https:\/\/skbutik.com\/en\/wp-json\/wp\/v2\/product\/3655","targetHints":{"allow":["GET"]}}],"collection":[{"href":"https:\/\/skbutik.com\/en\/wp-json\/wp\/v2\/product"}],"about":[{"href":"https:\/\/skbutik.com\/en\/wp-json\/wp\/v2\/types\/product"}],"replies":[{"embeddable":true,"href":"https:\/\/skbutik.com\/en\/wp-json\/wp\/v2\/comments?post=3655"}],"wp:featuredmedia":[{"embeddable":true,"href":"https:\/\/skbutik.com\/en\/wp-json\/wp\/v2\/media\/3656"}],"wp:attachment":[{"href":"https:\/\/skbutik.com\/en\/wp-json\/wp\/v2\/media?parent=3655"}],"wp:term":[{"taxonomy":"product_brand","embeddable":true,"href":"https:\/\/skbutik.com\/en\/wp-json\/wp\/v2\/product_brand?post=3655"},{"taxonomy":"product_cat","embeddable":true,"href":"https:\/\/skbutik.com\/en\/wp-json\/wp\/v2\/product_cat?post=3655"},{"taxonomy":"product_tag","embeddable":true,"href":"https:\/\/skbutik.com\/en\/wp-json\/wp\/v2\/product_tag?post=3655"}],"curies":[{"name":"wp","href":"https:\/\/api.w.org\/{rel}","templated":true}]}}