{"id":3646,"date":"2025-09-01T18:08:46","date_gmt":"2025-09-01T15:08:46","guid":{"rendered":"https:\/\/skbutik.com\/?post_type=product&#038;p=3646"},"modified":"2026-04-13T05:44:27","modified_gmt":"2026-04-13T02:44:27","slug":"setre-krep-kumas-visne","status":"publish","type":"product","link":"https:\/\/skbutik.com\/en\/product\/setre-krep-kumas-visne\/","title":{"rendered":"SETRE KREP KUMA\u015e V\u0130\u015eNE"},"content":{"rendered":"<p>SETRE MARKASI KREP KUMA\u015e ELB\u0130SEM\u0130Z TAM KALIP OLUP\u00a0 UZUN ZAMAN BOYUNCA DOLABINIZDA STAR PAR\u00c7ASI OLMAYA ADAY<\/p>","protected":false},"excerpt":{"rendered":"<p>SETRE MARKASI KREP KUMA\u015e ELB\u0130SEM\u0130Z TAM KALIP OLUP\u00a0 UZUN ZAMAN BOYUNCA DOLABINIZDA STAR PAR\u00c7ASI OLMAYA ADAY<\/p>","protected":false},"featured_media":3647,"comment_status":"open","ping_status":"closed","template":"","meta":[],"product_brand":[],"product_cat":[167],"product_tag":[],"class_list":{"0":"post-3646","1":"product","2":"type-product","3":"status-publish","4":"has-post-thumbnail","6":"product_cat-gunluk-siklik","7":"pa_beden-29","8":"pa_beden-30","9":"pa_beden-31","10":"pa_beden-32","12":"first","13":"instock","14":"taxable","15":"shipping-taxable","16":"purchasable","17":"product-type-variable"},"_links":{"self":[{"href":"https:\/\/skbutik.com\/en\/wp-json\/wp\/v2\/product\/3646","targetHints":{"allow":["GET"]}}],"collection":[{"href":"https:\/\/skbutik.com\/en\/wp-json\/wp\/v2\/product"}],"about":[{"href":"https:\/\/skbutik.com\/en\/wp-json\/wp\/v2\/types\/product"}],"replies":[{"embeddable":true,"href":"https:\/\/skbutik.com\/en\/wp-json\/wp\/v2\/comments?post=3646"}],"wp:featuredmedia":[{"embeddable":true,"href":"https:\/\/skbutik.com\/en\/wp-json\/wp\/v2\/media\/3647"}],"wp:attachment":[{"href":"https:\/\/skbutik.com\/en\/wp-json\/wp\/v2\/media?parent=3646"}],"wp:term":[{"taxonomy":"product_brand","embeddable":true,"href":"https:\/\/skbutik.com\/en\/wp-json\/wp\/v2\/product_brand?post=3646"},{"taxonomy":"product_cat","embeddable":true,"href":"https:\/\/skbutik.com\/en\/wp-json\/wp\/v2\/product_cat?post=3646"},{"taxonomy":"product_tag","embeddable":true,"href":"https:\/\/skbutik.com\/en\/wp-json\/wp\/v2\/product_tag?post=3646"}],"curies":[{"name":"wp","href":"https:\/\/api.w.org\/{rel}","templated":true}]}}