{"id":3637,"date":"2025-09-01T17:35:07","date_gmt":"2025-09-01T14:35:07","guid":{"rendered":"https:\/\/skbutik.com\/?post_type=product&#038;p=3637"},"modified":"2026-04-14T06:12:18","modified_gmt":"2026-04-14T03:12:18","slug":"setre-krep-kumas","status":"publish","type":"product","link":"https:\/\/skbutik.com\/en\/product\/setre-krep-kumas\/","title":{"rendered":"setre krep kuma\u015f"},"content":{"rendered":"<p>setre\u00a0 markam\u0131z krep kuma\u015f bel b\u00fczg\u00fcl\u00fc ister \u00f6zel i\u015fter g\u00fcnl\u00fck \u015f\u0131kl\u0131k arayanlar\u0131n han\u0131mlar\u0131m\u0131z\u0131n dolab\u0131nda olmas\u0131 gereken bir par\u00e7a TAM KALIPTIR<\/p>","protected":false},"excerpt":{"rendered":"<p>setre\u00a0 markam\u0131z krep kuma\u015f bel b\u00fczg\u00fcl\u00fc ister \u00f6zel i\u015fter g\u00fcnl\u00fck \u015f\u0131kl\u0131k arayanlar\u0131n han\u0131mlar\u0131m\u0131z\u0131n dolab\u0131nda olmas\u0131 gereken bir par\u00e7a TAM KALIPTIR<\/p>","protected":false},"featured_media":3639,"comment_status":"open","ping_status":"closed","template":"","meta":[],"product_brand":[],"product_cat":[167],"product_tag":[],"class_list":{"0":"post-3637","1":"product","2":"type-product","3":"status-publish","4":"has-post-thumbnail","6":"product_cat-gunluk-siklik","7":"pa_beden-29","8":"pa_beden-30","9":"pa_beden-31","10":"pa_beden-32","12":"first","13":"instock","14":"taxable","15":"shipping-taxable","16":"purchasable","17":"product-type-variable"},"_links":{"self":[{"href":"https:\/\/skbutik.com\/en\/wp-json\/wp\/v2\/product\/3637","targetHints":{"allow":["GET"]}}],"collection":[{"href":"https:\/\/skbutik.com\/en\/wp-json\/wp\/v2\/product"}],"about":[{"href":"https:\/\/skbutik.com\/en\/wp-json\/wp\/v2\/types\/product"}],"replies":[{"embeddable":true,"href":"https:\/\/skbutik.com\/en\/wp-json\/wp\/v2\/comments?post=3637"}],"wp:featuredmedia":[{"embeddable":true,"href":"https:\/\/skbutik.com\/en\/wp-json\/wp\/v2\/media\/3639"}],"wp:attachment":[{"href":"https:\/\/skbutik.com\/en\/wp-json\/wp\/v2\/media?parent=3637"}],"wp:term":[{"taxonomy":"product_brand","embeddable":true,"href":"https:\/\/skbutik.com\/en\/wp-json\/wp\/v2\/product_brand?post=3637"},{"taxonomy":"product_cat","embeddable":true,"href":"https:\/\/skbutik.com\/en\/wp-json\/wp\/v2\/product_cat?post=3637"},{"taxonomy":"product_tag","embeddable":true,"href":"https:\/\/skbutik.com\/en\/wp-json\/wp\/v2\/product_tag?post=3637"}],"curies":[{"name":"wp","href":"https:\/\/api.w.org\/{rel}","templated":true}]}}