{"id":3628,"date":"2025-09-01T17:24:32","date_gmt":"2025-09-01T14:24:32","guid":{"rendered":"https:\/\/skbutik.com\/?post_type=product&#038;p=3628"},"modified":"2026-03-26T18:04:53","modified_gmt":"2026-03-26T15:04:53","slug":"setre-krep-sifon-elbise","status":"publish","type":"product","link":"https:\/\/skbutik.com\/en\/product\/setre-krep-sifon-elbise\/","title":{"rendered":"setre krep \u015fifon elbise"},"content":{"rendered":"<p>setre markam\u0131z\u0131n krep ve \u015fifon\u00a0 \u00a0kuma\u015fla uyumu \u015fahane\u00a0 tam kal\u0131p \u00e7al\u0131\u015f\u0131lm\u0131\u015ft\u0131r .ister \u00f6zel g\u00fcnlerinizde isterse\u00a0 ofis \u015f\u0131kl\u0131\u011f\u0131 yakalayabilirsiniz<\/p>","protected":false},"excerpt":{"rendered":"<p>setre markam\u0131z\u0131n krep ve \u015fifon\u00a0 \u00a0kuma\u015fla uyumu \u015fahane\u00a0 tam kal\u0131p \u00e7al\u0131\u015f\u0131lm\u0131\u015ft\u0131r .ister \u00f6zel g\u00fcnlerinizde isterse\u00a0 ofis \u015f\u0131kl\u0131\u011f\u0131 yakalayabilirsiniz<\/p>","protected":false},"featured_media":3629,"comment_status":"open","ping_status":"closed","template":"","meta":[],"product_brand":[],"product_cat":[167],"product_tag":[],"class_list":{"0":"post-3628","1":"product","2":"type-product","3":"status-publish","4":"has-post-thumbnail","6":"product_cat-gunluk-siklik","7":"pa_beden-29","8":"pa_beden-30","9":"pa_beden-31","10":"pa_beden-32","11":"pa_beden-33","12":"pa_beden-125","14":"first","15":"instock","16":"taxable","17":"shipping-taxable","18":"purchasable","19":"product-type-variable"},"_links":{"self":[{"href":"https:\/\/skbutik.com\/en\/wp-json\/wp\/v2\/product\/3628","targetHints":{"allow":["GET"]}}],"collection":[{"href":"https:\/\/skbutik.com\/en\/wp-json\/wp\/v2\/product"}],"about":[{"href":"https:\/\/skbutik.com\/en\/wp-json\/wp\/v2\/types\/product"}],"replies":[{"embeddable":true,"href":"https:\/\/skbutik.com\/en\/wp-json\/wp\/v2\/comments?post=3628"}],"wp:featuredmedia":[{"embeddable":true,"href":"https:\/\/skbutik.com\/en\/wp-json\/wp\/v2\/media\/3629"}],"wp:attachment":[{"href":"https:\/\/skbutik.com\/en\/wp-json\/wp\/v2\/media?parent=3628"}],"wp:term":[{"taxonomy":"product_brand","embeddable":true,"href":"https:\/\/skbutik.com\/en\/wp-json\/wp\/v2\/product_brand?post=3628"},{"taxonomy":"product_cat","embeddable":true,"href":"https:\/\/skbutik.com\/en\/wp-json\/wp\/v2\/product_cat?post=3628"},{"taxonomy":"product_tag","embeddable":true,"href":"https:\/\/skbutik.com\/en\/wp-json\/wp\/v2\/product_tag?post=3628"}],"curies":[{"name":"wp","href":"https:\/\/api.w.org\/{rel}","templated":true}]}}