{"id":3617,"date":"2025-09-01T14:41:35","date_gmt":"2025-09-01T11:41:35","guid":{"rendered":"https:\/\/skbutik.com\/?post_type=product&#038;p=3617"},"modified":"2026-04-13T05:44:08","modified_gmt":"2026-04-13T02:44:08","slug":"setre-aci-kahve-elbise","status":"publish","type":"product","link":"https:\/\/skbutik.com\/en\/product\/setre-aci-kahve-elbise\/","title":{"rendered":"SETRE ACI KAHVE ELB\u0130SE"},"content":{"rendered":"<p>PAMUK SATEN YAPISIYLA \u0130STER G\u00dcNL\u00dcK \u0130STERSEN\u0130Z \u00d6ZEL G\u00dcNLER\u0130N\u0130ZDE RAHATLIKLA KULLANAB\u0130LECE\u011e\u0130N\u0130Z \u00c7OK SIK PAR\u00c7A<\/p>","protected":false},"excerpt":{"rendered":"<p>PAMUK SATEN YAPISIYLA \u0130STER G\u00dcNL\u00dcK \u0130STERSEN\u0130Z \u00d6ZEL G\u00dcNLER\u0130N\u0130ZDE RAHATLIKLA KULLANAB\u0130LECE\u011e\u0130N\u0130Z \u00c7OK SIK PAR\u00c7A<\/p>","protected":false},"featured_media":3618,"comment_status":"open","ping_status":"closed","template":"","meta":[],"product_brand":[],"product_cat":[167],"product_tag":[],"class_list":{"0":"post-3617","1":"product","2":"type-product","3":"status-publish","4":"has-post-thumbnail","6":"product_cat-gunluk-siklik","7":"pa_beden-29","8":"pa_beden-30","9":"pa_beden-31","10":"pa_beden-32","11":"pa_beden-33","12":"pa_beden-125","14":"first","15":"instock","16":"taxable","17":"shipping-taxable","18":"purchasable","19":"product-type-variable"},"_links":{"self":[{"href":"https:\/\/skbutik.com\/en\/wp-json\/wp\/v2\/product\/3617","targetHints":{"allow":["GET"]}}],"collection":[{"href":"https:\/\/skbutik.com\/en\/wp-json\/wp\/v2\/product"}],"about":[{"href":"https:\/\/skbutik.com\/en\/wp-json\/wp\/v2\/types\/product"}],"replies":[{"embeddable":true,"href":"https:\/\/skbutik.com\/en\/wp-json\/wp\/v2\/comments?post=3617"}],"wp:featuredmedia":[{"embeddable":true,"href":"https:\/\/skbutik.com\/en\/wp-json\/wp\/v2\/media\/3618"}],"wp:attachment":[{"href":"https:\/\/skbutik.com\/en\/wp-json\/wp\/v2\/media?parent=3617"}],"wp:term":[{"taxonomy":"product_brand","embeddable":true,"href":"https:\/\/skbutik.com\/en\/wp-json\/wp\/v2\/product_brand?post=3617"},{"taxonomy":"product_cat","embeddable":true,"href":"https:\/\/skbutik.com\/en\/wp-json\/wp\/v2\/product_cat?post=3617"},{"taxonomy":"product_tag","embeddable":true,"href":"https:\/\/skbutik.com\/en\/wp-json\/wp\/v2\/product_tag?post=3617"}],"curies":[{"name":"wp","href":"https:\/\/api.w.org\/{rel}","templated":true}]}}