{"id":3607,"date":"2025-09-01T14:22:25","date_gmt":"2025-09-01T11:22:25","guid":{"rendered":"https:\/\/skbutik.com\/?post_type=product&#038;p=3607"},"modified":"2026-03-26T18:05:15","modified_gmt":"2026-03-26T15:05:15","slug":"setre-nil-yesili","status":"publish","type":"product","link":"https:\/\/skbutik.com\/en\/product\/setre-nil-yesili\/","title":{"rendered":"SETRE N\u0130L YE\u015e\u0130L\u0130"},"content":{"rendered":"<p>SETRE MARKASINA A\u0130T ELB\u0130SEM\u0130Z ROMANT\u0130K DOKUNU\u015eLARA SAH\u0130PT\u0130R.<\/p>","protected":false},"excerpt":{"rendered":"<p>SETRE MARKASINA A\u0130T ELB\u0130SEM\u0130Z ROMANT\u0130K DOKUNU\u015eLARA SAH\u0130PT\u0130R.<\/p>","protected":false},"featured_media":3608,"comment_status":"open","ping_status":"closed","template":"","meta":[],"product_brand":[],"product_cat":[167],"product_tag":[],"class_list":{"0":"post-3607","1":"product","2":"type-product","3":"status-publish","4":"has-post-thumbnail","6":"product_cat-gunluk-siklik","7":"pa_beden-30","8":"pa_beden-38-42","9":"pa_beden-31","10":"pa_beden-32","11":"pa_beden-33","12":"pa_beden-125","14":"first","15":"instock","16":"taxable","17":"shipping-taxable","18":"purchasable","19":"product-type-variable"},"_links":{"self":[{"href":"https:\/\/skbutik.com\/en\/wp-json\/wp\/v2\/product\/3607","targetHints":{"allow":["GET"]}}],"collection":[{"href":"https:\/\/skbutik.com\/en\/wp-json\/wp\/v2\/product"}],"about":[{"href":"https:\/\/skbutik.com\/en\/wp-json\/wp\/v2\/types\/product"}],"replies":[{"embeddable":true,"href":"https:\/\/skbutik.com\/en\/wp-json\/wp\/v2\/comments?post=3607"}],"wp:featuredmedia":[{"embeddable":true,"href":"https:\/\/skbutik.com\/en\/wp-json\/wp\/v2\/media\/3608"}],"wp:attachment":[{"href":"https:\/\/skbutik.com\/en\/wp-json\/wp\/v2\/media?parent=3607"}],"wp:term":[{"taxonomy":"product_brand","embeddable":true,"href":"https:\/\/skbutik.com\/en\/wp-json\/wp\/v2\/product_brand?post=3607"},{"taxonomy":"product_cat","embeddable":true,"href":"https:\/\/skbutik.com\/en\/wp-json\/wp\/v2\/product_cat?post=3607"},{"taxonomy":"product_tag","embeddable":true,"href":"https:\/\/skbutik.com\/en\/wp-json\/wp\/v2\/product_tag?post=3607"}],"curies":[{"name":"wp","href":"https:\/\/api.w.org\/{rel}","templated":true}]}}