{"id":3582,"date":"2025-07-21T19:06:40","date_gmt":"2025-07-21T16:06:40","guid":{"rendered":"https:\/\/skbutik.com\/?post_type=product&#038;p=3582"},"modified":"2026-03-26T17:58:45","modified_gmt":"2026-03-26T14:58:45","slug":"nil-yesili-salvar-takim","status":"publish","type":"product","link":"https:\/\/skbutik.com\/en\/product\/nil-yesili-salvar-takim\/","title":{"rendered":"N\u0130L YE\u015e\u0130L\u0130 \u015eALVAR TAKIM"},"content":{"rendered":"<p>Bu tak\u0131m, \u00fczerinizdeyken size \u00f6zg\u00fcrl\u00fc\u011f\u00fc hissettirecek bol kesimi ve yumu\u015fak dokusuyla g\u00fcn boyu s\u00fcren rahatl\u0131k sunar. Ama sadece rahatl\u0131kla yetinmez; nilye\u015filinin b\u00fcy\u00fcleyici tonu ve modern tasar\u0131m\u0131yla girdi\u011finiz her ortamda bak\u0131\u015flar\u0131 \u00fczerinize \u00e7ekeceksiniz.<\/p>","protected":false},"excerpt":{"rendered":"<p>Bu tak\u0131m, \u00fczerinizdeyken size \u00f6zg\u00fcrl\u00fc\u011f\u00fc hissettirecek bol kesimi ve yumu\u015fak dokusuyla g\u00fcn boyu s\u00fcren rahatl\u0131k sunar. Ama sadece rahatl\u0131kla yetinmez;<\/p>","protected":false},"featured_media":3583,"comment_status":"open","ping_status":"closed","template":"","meta":[],"product_brand":[],"product_cat":[167],"product_tag":[],"class_list":{"0":"post-3582","1":"product","2":"type-product","3":"status-publish","4":"has-post-thumbnail","6":"product_cat-gunluk-siklik","7":"pa_beden-30","8":"pa_beden-31","9":"pa_beden-32","11":"first","12":"instock","13":"taxable","14":"shipping-taxable","15":"purchasable","16":"product-type-variable"},"_links":{"self":[{"href":"https:\/\/skbutik.com\/en\/wp-json\/wp\/v2\/product\/3582","targetHints":{"allow":["GET"]}}],"collection":[{"href":"https:\/\/skbutik.com\/en\/wp-json\/wp\/v2\/product"}],"about":[{"href":"https:\/\/skbutik.com\/en\/wp-json\/wp\/v2\/types\/product"}],"replies":[{"embeddable":true,"href":"https:\/\/skbutik.com\/en\/wp-json\/wp\/v2\/comments?post=3582"}],"wp:featuredmedia":[{"embeddable":true,"href":"https:\/\/skbutik.com\/en\/wp-json\/wp\/v2\/media\/3583"}],"wp:attachment":[{"href":"https:\/\/skbutik.com\/en\/wp-json\/wp\/v2\/media?parent=3582"}],"wp:term":[{"taxonomy":"product_brand","embeddable":true,"href":"https:\/\/skbutik.com\/en\/wp-json\/wp\/v2\/product_brand?post=3582"},{"taxonomy":"product_cat","embeddable":true,"href":"https:\/\/skbutik.com\/en\/wp-json\/wp\/v2\/product_cat?post=3582"},{"taxonomy":"product_tag","embeddable":true,"href":"https:\/\/skbutik.com\/en\/wp-json\/wp\/v2\/product_tag?post=3582"}],"curies":[{"name":"wp","href":"https:\/\/api.w.org\/{rel}","templated":true}]}}