{"id":3540,"date":"2025-07-21T17:44:47","date_gmt":"2025-07-21T14:44:47","guid":{"rendered":"https:\/\/skbutik.com\/?post_type=product&#038;p=3540"},"modified":"2026-04-13T05:31:41","modified_gmt":"2026-04-13T02:31:41","slug":"mavi-ipek-saten-elbise","status":"publish","type":"product","link":"https:\/\/skbutik.com\/en\/product\/mavi-ipek-saten-elbise\/","title":{"rendered":"MAV\u0130 \u0130PEK SATEN ELB\u0130SE"},"content":{"rendered":"<p>Bu e\u015fsiz ipek saten elbise ile gard\u0131robunuza sofistike bir dokunu\u015f kat\u0131n. Hafif ve nefes alan yap\u0131s\u0131yla \u00fczerinizde adeta yokmu\u015f hissi veren bu tasar\u0131m, g\u00fcn boyu s\u00fcren konfor sunarken, satenin \u0131\u015f\u0131lt\u0131l\u0131 dokusuyla girdi\u011finiz her ortamda bak\u0131\u015flar\u0131 \u00fczerinize \u00e7ekecek.<\/p>","protected":false},"excerpt":{"rendered":"<p>Bu e\u015fsiz ipek saten elbise ile gard\u0131robunuza sofistike bir dokunu\u015f kat\u0131n. Hafif ve nefes alan yap\u0131s\u0131yla \u00fczerinizde adeta yokmu\u015f hissi<\/p>","protected":false},"featured_media":3541,"comment_status":"open","ping_status":"closed","template":"","meta":[],"product_brand":[],"product_cat":[167],"product_tag":[],"class_list":{"0":"post-3540","1":"product","2":"type-product","3":"status-publish","4":"has-post-thumbnail","6":"product_cat-gunluk-siklik","7":"pa_beden-36-38","8":"pa_beden-31","10":"first","11":"instock","12":"taxable","13":"shipping-taxable","14":"purchasable","15":"product-type-variable"},"_links":{"self":[{"href":"https:\/\/skbutik.com\/en\/wp-json\/wp\/v2\/product\/3540","targetHints":{"allow":["GET"]}}],"collection":[{"href":"https:\/\/skbutik.com\/en\/wp-json\/wp\/v2\/product"}],"about":[{"href":"https:\/\/skbutik.com\/en\/wp-json\/wp\/v2\/types\/product"}],"replies":[{"embeddable":true,"href":"https:\/\/skbutik.com\/en\/wp-json\/wp\/v2\/comments?post=3540"}],"wp:featuredmedia":[{"embeddable":true,"href":"https:\/\/skbutik.com\/en\/wp-json\/wp\/v2\/media\/3541"}],"wp:attachment":[{"href":"https:\/\/skbutik.com\/en\/wp-json\/wp\/v2\/media?parent=3540"}],"wp:term":[{"taxonomy":"product_brand","embeddable":true,"href":"https:\/\/skbutik.com\/en\/wp-json\/wp\/v2\/product_brand?post=3540"},{"taxonomy":"product_cat","embeddable":true,"href":"https:\/\/skbutik.com\/en\/wp-json\/wp\/v2\/product_cat?post=3540"},{"taxonomy":"product_tag","embeddable":true,"href":"https:\/\/skbutik.com\/en\/wp-json\/wp\/v2\/product_tag?post=3540"}],"curies":[{"name":"wp","href":"https:\/\/api.w.org\/{rel}","templated":true}]}}