{"id":3526,"date":"2025-07-08T22:37:44","date_gmt":"2025-07-08T19:37:44","guid":{"rendered":"https:\/\/skbutik.com\/?post_type=product&#038;p=3526"},"modified":"2026-04-14T05:50:56","modified_gmt":"2026-04-14T02:50:56","slug":"ital-ipek-batik-mavi-elbise","status":"publish","type":"product","link":"https:\/\/skbutik.com\/en\/product\/ital-ipek-batik-mavi-elbise\/","title":{"rendered":"\u0130TAL \u0130PEK BAT\u0130K MAV\u0130 ELB\u0130SE"},"content":{"rendered":"<p>Topuklu ayakkab\u0131lar ve \u0131\u015f\u0131lt\u0131l\u0131 aksesuarlarla gece \u015f\u0131kl\u0131\u011f\u0131n\u0131z\u0131 tamamlarken, sandaletler ve sade tak\u0131larla g\u00fcnd\u00fcz davetlerinde de rahatl\u0131kla tercih edebilirsiniz.<\/p>","protected":false},"excerpt":{"rendered":"<p>Topuklu ayakkab\u0131lar ve \u0131\u015f\u0131lt\u0131l\u0131 aksesuarlarla gece \u015f\u0131kl\u0131\u011f\u0131n\u0131z\u0131 tamamlarken, sandaletler ve sade tak\u0131larla g\u00fcnd\u00fcz davetlerinde de rahatl\u0131kla tercih edebilirsiniz.<\/p>","protected":false},"featured_media":3483,"comment_status":"open","ping_status":"closed","template":"","meta":[],"product_brand":[],"product_cat":[167],"product_tag":[],"class_list":{"0":"post-3526","1":"product","2":"type-product","3":"status-publish","4":"has-post-thumbnail","6":"product_cat-gunluk-siklik","7":"pa_beden-standart","9":"first","10":"instock","11":"taxable","12":"shipping-taxable","13":"purchasable","14":"product-type-variable"},"_links":{"self":[{"href":"https:\/\/skbutik.com\/en\/wp-json\/wp\/v2\/product\/3526","targetHints":{"allow":["GET"]}}],"collection":[{"href":"https:\/\/skbutik.com\/en\/wp-json\/wp\/v2\/product"}],"about":[{"href":"https:\/\/skbutik.com\/en\/wp-json\/wp\/v2\/types\/product"}],"replies":[{"embeddable":true,"href":"https:\/\/skbutik.com\/en\/wp-json\/wp\/v2\/comments?post=3526"}],"wp:featuredmedia":[{"embeddable":true,"href":"https:\/\/skbutik.com\/en\/wp-json\/wp\/v2\/media\/3483"}],"wp:attachment":[{"href":"https:\/\/skbutik.com\/en\/wp-json\/wp\/v2\/media?parent=3526"}],"wp:term":[{"taxonomy":"product_brand","embeddable":true,"href":"https:\/\/skbutik.com\/en\/wp-json\/wp\/v2\/product_brand?post=3526"},{"taxonomy":"product_cat","embeddable":true,"href":"https:\/\/skbutik.com\/en\/wp-json\/wp\/v2\/product_cat?post=3526"},{"taxonomy":"product_tag","embeddable":true,"href":"https:\/\/skbutik.com\/en\/wp-json\/wp\/v2\/product_tag?post=3526"}],"curies":[{"name":"wp","href":"https:\/\/api.w.org\/{rel}","templated":true}]}}