{"id":3509,"date":"2025-07-08T12:11:42","date_gmt":"2025-07-08T09:11:42","guid":{"rendered":"https:\/\/skbutik.com\/?post_type=product&#038;p=3509"},"modified":"2026-04-14T05:51:20","modified_gmt":"2026-04-14T02:51:20","slug":"ital-ipek-batik-mor-elbise","status":"publish","type":"product","link":"https:\/\/skbutik.com\/en\/product\/ital-ipek-batik-mor-elbise\/","title":{"rendered":"\u0130TAL \u0130PEK BAT\u0130K MOR ELB\u0130SE"},"content":{"rendered":"<p>ince hafif bir dokuya sahip olan bu sofistike elbise sizleri g\u00fcn i\u00e7inde konforlu bir sunarken yan\u0131 s\u0131ra \u015f\u0131k g\u00f6r\u00fcnmenizde\u00a0 sa\u011flayacakt\u0131r.<\/p>","protected":false},"excerpt":{"rendered":"<p>ince hafif bir dokuya sahip olan bu sofistike elbise sizleri g\u00fcn i\u00e7inde konforlu bir sunarken yan\u0131 s\u0131ra \u015f\u0131k g\u00f6r\u00fcnmenizde\u00a0 sa\u011flayacakt\u0131r.<\/p>","protected":false},"featured_media":3510,"comment_status":"open","ping_status":"closed","template":"","meta":[],"product_brand":[],"product_cat":[167],"product_tag":[],"class_list":{"0":"post-3509","1":"product","2":"type-product","3":"status-publish","4":"has-post-thumbnail","6":"product_cat-gunluk-siklik","7":"pa_beden-standart","9":"first","10":"instock","11":"taxable","12":"shipping-taxable","13":"purchasable","14":"product-type-variable"},"_links":{"self":[{"href":"https:\/\/skbutik.com\/en\/wp-json\/wp\/v2\/product\/3509","targetHints":{"allow":["GET"]}}],"collection":[{"href":"https:\/\/skbutik.com\/en\/wp-json\/wp\/v2\/product"}],"about":[{"href":"https:\/\/skbutik.com\/en\/wp-json\/wp\/v2\/types\/product"}],"replies":[{"embeddable":true,"href":"https:\/\/skbutik.com\/en\/wp-json\/wp\/v2\/comments?post=3509"}],"wp:featuredmedia":[{"embeddable":true,"href":"https:\/\/skbutik.com\/en\/wp-json\/wp\/v2\/media\/3510"}],"wp:attachment":[{"href":"https:\/\/skbutik.com\/en\/wp-json\/wp\/v2\/media?parent=3509"}],"wp:term":[{"taxonomy":"product_brand","embeddable":true,"href":"https:\/\/skbutik.com\/en\/wp-json\/wp\/v2\/product_brand?post=3509"},{"taxonomy":"product_cat","embeddable":true,"href":"https:\/\/skbutik.com\/en\/wp-json\/wp\/v2\/product_cat?post=3509"},{"taxonomy":"product_tag","embeddable":true,"href":"https:\/\/skbutik.com\/en\/wp-json\/wp\/v2\/product_tag?post=3509"}],"curies":[{"name":"wp","href":"https:\/\/api.w.org\/{rel}","templated":true}]}}