{"id":3487,"date":"2025-07-07T16:25:50","date_gmt":"2025-07-07T13:25:50","guid":{"rendered":"https:\/\/skbutik.com\/?post_type=product&#038;p=3487"},"modified":"2026-04-24T16:36:40","modified_gmt":"2026-04-24T13:36:40","slug":"ital-ipek-batik-yesil-elbise-1","status":"publish","type":"product","link":"https:\/\/skbutik.com\/en\/product\/ital-ipek-batik-yesil-elbise-1\/","title":{"rendered":"\u0130TAL \u0130PEK BAT\u0130K YE\u015e\u0130L ELB\u0130SE 1"},"content":{"rendered":"<p>Elbisenin \u00fczerindeki ye\u015fil, mor ve pembe tonlar\u0131ndaki batik deseni, adeta bir sanat eseri gibi. Bu \u00f6zg\u00fcn desen, sizi kalabal\u0131ktan ay\u0131racak ve tarz\u0131n\u0131z\u0131 ortaya koyacak.<\/p>","protected":false},"excerpt":{"rendered":"<p>Elbisenin \u00fczerindeki ye\u015fil, mor ve pembe tonlar\u0131ndaki batik deseni, adeta bir sanat eseri gibi. Bu \u00f6zg\u00fcn desen, sizi kalabal\u0131ktan ay\u0131racak<\/p>","protected":false},"featured_media":3489,"comment_status":"open","ping_status":"closed","template":"","meta":[],"product_brand":[],"product_cat":[167],"product_tag":[],"class_list":{"0":"post-3487","1":"product","2":"type-product","3":"status-publish","4":"has-post-thumbnail","6":"product_cat-gunluk-siklik","7":"pa_beden-standart","9":"first","10":"instock","11":"taxable","12":"shipping-taxable","13":"purchasable","14":"product-type-variable"},"_links":{"self":[{"href":"https:\/\/skbutik.com\/en\/wp-json\/wp\/v2\/product\/3487","targetHints":{"allow":["GET"]}}],"collection":[{"href":"https:\/\/skbutik.com\/en\/wp-json\/wp\/v2\/product"}],"about":[{"href":"https:\/\/skbutik.com\/en\/wp-json\/wp\/v2\/types\/product"}],"replies":[{"embeddable":true,"href":"https:\/\/skbutik.com\/en\/wp-json\/wp\/v2\/comments?post=3487"}],"wp:featuredmedia":[{"embeddable":true,"href":"https:\/\/skbutik.com\/en\/wp-json\/wp\/v2\/media\/3489"}],"wp:attachment":[{"href":"https:\/\/skbutik.com\/en\/wp-json\/wp\/v2\/media?parent=3487"}],"wp:term":[{"taxonomy":"product_brand","embeddable":true,"href":"https:\/\/skbutik.com\/en\/wp-json\/wp\/v2\/product_brand?post=3487"},{"taxonomy":"product_cat","embeddable":true,"href":"https:\/\/skbutik.com\/en\/wp-json\/wp\/v2\/product_cat?post=3487"},{"taxonomy":"product_tag","embeddable":true,"href":"https:\/\/skbutik.com\/en\/wp-json\/wp\/v2\/product_tag?post=3487"}],"curies":[{"name":"wp","href":"https:\/\/api.w.org\/{rel}","templated":true}]}}