{"id":3431,"date":"2025-07-07T13:01:30","date_gmt":"2025-07-07T10:01:30","guid":{"rendered":"https:\/\/skbutik.com\/?post_type=product&#038;p=3431"},"modified":"2026-03-26T17:46:26","modified_gmt":"2026-03-26T14:46:26","slug":"ital-ipek-batik-elbise-1","status":"publish","type":"product","link":"https:\/\/skbutik.com\/en\/product\/ital-ipek-batik-elbise-1\/","title":{"rendered":"\u0130TAL \u0130PEK BAT\u0130K ELB\u0130SE 1"},"content":{"rendered":"<ul>\n<li>&#8220;Bu elbiseyi giydi\u011finizde kendinizi bir prenses gibi hissedeceksiniz.&#8221;<\/li>\n<li>&#8220;Ak\u0131\u015fkan kuma\u015f\u0131 ve zarif duru\u015fuyla b\u00fcy\u00fcleyici bir sil\u00fcet yarat\u0131yor.&#8221;<\/li>\n<li>&#8220;\u00d6zel g\u00fcnlerinizin vazge\u00e7ilmezi olacak, t\u00fcm iltifatlar\u0131 toplayacaks\u0131n\u0131z.&#8221;<\/li>\n<li><\/li>\n<\/ul>","protected":false},"excerpt":{"rendered":"<p>&#8220;Bu elbiseyi giydi\u011finizde kendinizi bir prenses gibi hissedeceksiniz.&#8221; &#8220;Ak\u0131\u015fkan kuma\u015f\u0131 ve zarif duru\u015fuyla b\u00fcy\u00fcleyici bir sil\u00fcet yarat\u0131yor.&#8221; &#8220;\u00d6zel g\u00fcnlerinizin vazge\u00e7ilmezi<\/p>","protected":false},"featured_media":3433,"comment_status":"open","ping_status":"closed","template":"","meta":[],"product_brand":[],"product_cat":[167],"product_tag":[],"class_list":{"0":"post-3431","1":"product","2":"type-product","3":"status-publish","4":"has-post-thumbnail","6":"product_cat-gunluk-siklik","7":"pa_beden-std","9":"first","10":"instock","11":"taxable","12":"shipping-taxable","13":"purchasable","14":"product-type-variable"},"_links":{"self":[{"href":"https:\/\/skbutik.com\/en\/wp-json\/wp\/v2\/product\/3431","targetHints":{"allow":["GET"]}}],"collection":[{"href":"https:\/\/skbutik.com\/en\/wp-json\/wp\/v2\/product"}],"about":[{"href":"https:\/\/skbutik.com\/en\/wp-json\/wp\/v2\/types\/product"}],"replies":[{"embeddable":true,"href":"https:\/\/skbutik.com\/en\/wp-json\/wp\/v2\/comments?post=3431"}],"wp:featuredmedia":[{"embeddable":true,"href":"https:\/\/skbutik.com\/en\/wp-json\/wp\/v2\/media\/3433"}],"wp:attachment":[{"href":"https:\/\/skbutik.com\/en\/wp-json\/wp\/v2\/media?parent=3431"}],"wp:term":[{"taxonomy":"product_brand","embeddable":true,"href":"https:\/\/skbutik.com\/en\/wp-json\/wp\/v2\/product_brand?post=3431"},{"taxonomy":"product_cat","embeddable":true,"href":"https:\/\/skbutik.com\/en\/wp-json\/wp\/v2\/product_cat?post=3431"},{"taxonomy":"product_tag","embeddable":true,"href":"https:\/\/skbutik.com\/en\/wp-json\/wp\/v2\/product_tag?post=3431"}],"curies":[{"name":"wp","href":"https:\/\/api.w.org\/{rel}","templated":true}]}}