{"id":3426,"date":"2025-07-07T12:46:30","date_gmt":"2025-07-07T09:46:30","guid":{"rendered":"https:\/\/skbutik.com\/?post_type=product&#038;p=3426"},"modified":"2026-04-14T05:52:15","modified_gmt":"2026-04-14T02:52:15","slug":"ital-ipek-elbise-vizon","status":"publish","type":"product","link":"https:\/\/skbutik.com\/en\/product\/ital-ipek-elbise-vizon\/","title":{"rendered":"\u0130TAL \u0130PEK ELB\u0130SE V\u0130ZON"},"content":{"rendered":"<ul>\n<li>Yaz aylar\u0131nda bile terletmeyen, rahat ve zarif bir se\u00e7enek.<\/li>\n<\/ul>","protected":false},"excerpt":{"rendered":"<p>Yaz aylar\u0131nda bile terletmeyen, rahat ve zarif bir se\u00e7enek.<\/p>","protected":false},"featured_media":3427,"comment_status":"open","ping_status":"closed","template":"","meta":[],"product_brand":[],"product_cat":[167],"product_tag":[],"class_list":{"0":"post-3426","1":"product","2":"type-product","3":"status-publish","4":"has-post-thumbnail","6":"product_cat-gunluk-siklik","7":"pa_beden-standart","9":"first","10":"instock","11":"taxable","12":"shipping-taxable","13":"purchasable","14":"product-type-variable"},"_links":{"self":[{"href":"https:\/\/skbutik.com\/en\/wp-json\/wp\/v2\/product\/3426","targetHints":{"allow":["GET"]}}],"collection":[{"href":"https:\/\/skbutik.com\/en\/wp-json\/wp\/v2\/product"}],"about":[{"href":"https:\/\/skbutik.com\/en\/wp-json\/wp\/v2\/types\/product"}],"replies":[{"embeddable":true,"href":"https:\/\/skbutik.com\/en\/wp-json\/wp\/v2\/comments?post=3426"}],"wp:featuredmedia":[{"embeddable":true,"href":"https:\/\/skbutik.com\/en\/wp-json\/wp\/v2\/media\/3427"}],"wp:attachment":[{"href":"https:\/\/skbutik.com\/en\/wp-json\/wp\/v2\/media?parent=3426"}],"wp:term":[{"taxonomy":"product_brand","embeddable":true,"href":"https:\/\/skbutik.com\/en\/wp-json\/wp\/v2\/product_brand?post=3426"},{"taxonomy":"product_cat","embeddable":true,"href":"https:\/\/skbutik.com\/en\/wp-json\/wp\/v2\/product_cat?post=3426"},{"taxonomy":"product_tag","embeddable":true,"href":"https:\/\/skbutik.com\/en\/wp-json\/wp\/v2\/product_tag?post=3426"}],"curies":[{"name":"wp","href":"https:\/\/api.w.org\/{rel}","templated":true}]}}